{"id":147,"date":"2016-08-11T18:29:38","date_gmt":"2016-08-11T16:29:38","guid":{"rendered":"http:\/\/westend.es\/new\/?page_id=147"},"modified":"2025-08-22T11:25:36","modified_gmt":"2025-08-22T09:25:36","slug":"preescolar","status":"publish","type":"page","link":"https:\/\/westend.es\/index.php\/ninos\/preescolar\/","title":{"rendered":"Infantil"},"content":{"rendered":"<p>[et_pb_section fb_built=&#8221;1&#8243; fullwidth=&#8221;on&#8221; custom_padding_last_edited=&#8221;on|desktop&#8221; admin_label=&#8221;Section&#8221; _builder_version=&#8221;4.16&#8243; custom_padding=&#8221;0px|0px|0px|0px&#8221; custom_padding_tablet=&#8221;50px|0|50px|0&#8243; custom_padding_phone=&#8221;&#8221; hover_transition_speed_curve=&#8221;ease-in&#8221; transparent_background=&#8221;off&#8221; padding_mobile=&#8221;off&#8221; global_colors_info=&#8221;{}&#8221;][et_pb_fullwidth_slider _builder_version=&#8221;4.16&#8243; _module_preset=&#8221;default&#8221; global_colors_info=&#8221;{}&#8221;][et_pb_slide _builder_version=&#8221;4.16&#8243; _module_preset=&#8221;default&#8221; background_color=&#8221;RGBA(0,0,0,0)&#8221; background_enable_color=&#8221;on&#8221; use_background_color_gradient=&#8221;on&#8221; background_image=&#8221;https:\/\/westend.es\/wp-content\/uploads\/2024\/01\/2024-01-11-at-17-48-53-scaled.jpg&#8221; background_enable_image=&#8221;on&#8221; global_colors_info=&#8221;{}&#8221; sticky_transition=&#8221;on&#8221;][\/et_pb_slide][et_pb_slide _builder_version=&#8221;4.16&#8243; _module_preset=&#8221;default&#8221; background_color=&#8221;RGBA(0,0,0,0)&#8221; background_enable_color=&#8221;on&#8221; background_image=&#8221;https:\/\/westend.es\/wp-content\/uploads\/2024\/01\/2024-01-11-at-18-05-05-2-scaled.jpg&#8221; background_enable_image=&#8221;on&#8221; global_colors_info=&#8221;{}&#8221; sticky_transition=&#8221;on&#8221;]<\/p>\n<p>&#8216;<\/p>\n<p>[\/et_pb_slide][et_pb_slide _builder_version=&#8221;4.16&#8243; _module_preset=&#8221;default&#8221; background_enable_color=&#8221;off&#8221; background_image=&#8221;https:\/\/westend.es\/wp-content\/uploads\/2024\/01\/2024-01-11-at-18-02-49-scaled.jpg&#8221; background_enable_image=&#8221;on&#8221; global_colors_info=&#8221;{}&#8221; sticky_transition=&#8221;on&#8221;][\/et_pb_slide][\/et_pb_fullwidth_slider][\/et_pb_section][et_pb_section fb_built=&#8221;1&#8243; custom_padding_last_edited=&#8221;on|desktop&#8221; admin_label=&#8221;section&#8221; _builder_version=&#8221;4.16&#8243; custom_padding_tablet=&#8221;50px|0|50px|0&#8243; custom_padding_phone=&#8221;&#8221; transparent_background=&#8221;off&#8221; padding_mobile=&#8221;off&#8221; global_colors_info=&#8221;{}&#8221;][et_pb_row padding_mobile=&#8221;off&#8221; column_padding_mobile=&#8221;on&#8221; admin_label=&#8221;row&#8221; _builder_version=&#8221;4.16&#8243; background_size=&#8221;initial&#8221; background_position=&#8221;top_left&#8221; background_repeat=&#8221;repeat&#8221; width=&#8221;70%&#8221; max_width=&#8221;70%&#8221; custom_padding=&#8221;27px|0px|27px|0px&#8221; use_custom_width=&#8221;on&#8221; width_unit=&#8221;off&#8221; custom_width_percent=&#8221;70%&#8221; global_colors_info=&#8221;{}&#8221;][et_pb_column type=&#8221;4_4&#8243; admin_label=&#8221;Column&#8221; _builder_version=&#8221;4.16&#8243; custom_padding=&#8221;|||&#8221; global_colors_info=&#8221;{}&#8221; custom_padding__hover=&#8221;|||&#8221;][et_pb_text admin_label=&#8221;Texto&#8221; _builder_version=&#8221;4.16&#8243; background_size=&#8221;initial&#8221; background_position=&#8221;top_left&#8221; background_repeat=&#8221;repeat&#8221; use_border_color=&#8221;off&#8221; global_colors_info=&#8221;{}&#8221;]<\/p>\n<h1><strong><span style=\"color: #041791;\">Infantil 2-6 a\u00f1os<\/span><\/strong><\/h1>\n<h2>Comprender, hablar, disfrutar<\/h2>\n<p>[\/et_pb_text][et_pb_text admin_label=&#8221;Texto&#8221; _builder_version=&#8221;4.16&#8243; background_size=&#8221;initial&#8221; background_position=&#8221;top_left&#8221; background_repeat=&#8221;repeat&#8221; use_border_color=&#8221;off&#8221; global_colors_info=&#8221;{}&#8221;]<\/p>\n<p><strong>El m\u00e9todo de ense\u00f1anza introduce a los alumnos a trav\u00e9s de juegos, canciones, teatro, manualidades&#8230; al concepto de otra lengua y otra cultura.<\/strong><\/p>\n<p>Son estimulados para <strong>aprender un idioma con actividades con las que disfrutan<\/strong>, as\u00ed que no supone ning\u00fan esfuerzo especial.<\/p>\n<p><strong>\u00bfPor qu\u00e9 empezar a aprender ingl\u00e9s tan peque\u00f1os?<\/strong> <strong>\u00a0\u00a1<\/strong><span style=\"font-size: 17px; background-color: #ffffff;\"><strong>Porque es la mejor edad para empezar!<\/strong> A<\/span>\u00a0los ni\u00f1os les encanta aprender ingl\u00e9s con las <strong>metodolog\u00edas divertidas y amenas<\/strong> que proponemos desde West End. Los ni\u00f1os peque\u00f1os asimilan r\u00e1pidamente el vocabulario, y adem\u00e1s la entonaci\u00f3n y la pronunciaci\u00f3n se adquieren desde el principio correctamente porque no se inhiben. <strong>Al disfrutar con esta temprana exposici\u00f3n a la lengua inglesa y su cultura, el aprendizaje es\u00a0natural y\u00a0efectivo.<\/strong><\/p>\n<p><strong>Los ni\u00f1os peque\u00f1os tienen la capacidad de aprender cantidades enormes de informaci\u00f3n.<\/strong> Sin embargo esta habilidad disminuye a medida que van creciendo. Incluso cuando el ni\u00f1o empieza educaci\u00f3n primaria, \u00a1ya habr\u00e1 perdido algo de su capacidad para aprender idiomas!<\/p>\n<p>Para que el entusiasmo no disminuya, en West End Idiomas se preparan cuidadosamente las clases para que siempre haya nuevas actividades y juegos. Tambi\u00e9n se celebran costumbres y tradiciones de pa\u00edses anglo-parlantes.<\/p>\n<hr \/>\n<p>[\/et_pb_text][et_pb_text admin_label=&#8221;Texto&#8221; _builder_version=&#8221;4.16&#8243; background_size=&#8221;initial&#8221; background_position=&#8221;top_left&#8221; background_repeat=&#8221;repeat&#8221; use_border_color=&#8221;off&#8221; global_colors_info=&#8221;{}&#8221;]<\/p>\n<h3><strong><span style=\"color: #041791;\">Horarios<\/span><\/strong><\/h3>\n<p><strong>Ni\u00f1os nacidos en 2023<\/strong><\/p>\n<p>Lunes y viernes o martes y jueves | 16.30-17.30 horas<br \/>Viernes | 17:45 &#8211; 19:15 horas<\/p>\n<p><strong>Ni\u00f1os nacidos de 2019 a 2022<\/strong><\/p>\n<p>Mi\u00e9rcoles o viernes | 15:40-17:40 horas<br \/>Martes y jueves | 16:45-17:45 horas<br \/>Lunes y mi\u00e9rcoles o martes y jueves | 17:45-18:45 horas<\/p>\n<p><strong>NOTA:<\/strong> Puede haber horarios no disponibles por contar con grupos ya completos de cursos anteriores. Se realizar\u00e1 una prueba de nivel si se considera necesario para la matriculaci\u00f3n en determinados grupos.<\/p>\n<h3><strong><span style=\"color: #041791;\">Cuotas y matr\u00edcula<\/span><\/strong><\/h3>\n<p><strong>Cuotas alumnos infantil y primaria:<\/strong><br \/>2 horas\/semana | 91,5\u20ac\/mes<\/p>\n<ul>\n<li>Las mensualidades se calculan considerando las horas lectivas del curso, por lo que siempre ser\u00e1n del mismo importe independientemente del n\u00famero de clases que tenga un mes determinado, de octubre y a mayo. Septiembre y junio se cobrar\u00e1 la mitad de la cuota.<\/li>\n<li>10% de descuento para hermanos\/as en matr\u00edcula y cuotas.<\/li>\n<li>Cada nivel cuenta con un libro que se cobrar\u00e1 durante el primer trimestre del curso.<\/li>\n<\/ul>\n<p><strong>Matr\u00edcula: 75\u20ac<\/strong><br \/>La matr\u00edcula solo se cobra cuando el alumno se inscribe por primera vez y no los a\u00f1os posteriores, a menos que cause baja. La matr\u00edcula se abonar\u00e1 en efectivo o con tarjeta.<\/p>\n<h3><a href=\"https:\/\/westend.es\/wp-content\/uploads\/2023\/06\/CALENDARIO-23-24-scaled.jpg\"><span style=\"color: #041791;\"><strong>Calendario<\/strong><\/span><\/a><\/h3>\n<p>El curso 2025-2026 <strong>comenzar\u00e1 el 12 de septiembre y finalizar\u00e1 el 17 de junio.<\/strong><\/p>\n<p>Si deseas m\u00e1s informaci\u00f3n consulta en recepci\u00f3n o ll\u00e1manos.<\/p>\n<p>[\/et_pb_text][\/et_pb_column][\/et_pb_row][et_pb_row padding_mobile=&#8221;off&#8221; column_padding_mobile=&#8221;on&#8221; admin_label=&#8221;Fila&#8221; _builder_version=&#8221;4.16&#8243; background_size=&#8221;initial&#8221; background_position=&#8221;top_left&#8221; background_repeat=&#8221;repeat&#8221; global_colors_info=&#8221;{}&#8221;][et_pb_column type=&#8221;4_4&#8243; _builder_version=&#8221;4.16&#8243; custom_padding=&#8221;|||&#8221; global_colors_info=&#8221;{}&#8221; custom_padding__hover=&#8221;|||&#8221;][et_pb_button button_url=&#8221;https:\/\/westend.es\/wp-content\/uploads\/2025\/04\/triptico-24-25-web-email.jpg&#8221; url_new_window=&#8221;on&#8221; button_text=&#8221;VER TODOS LOS HORARIOS Y PRECIOS&#8221; button_alignment=&#8221;center&#8221; admin_label=&#8221;Bot\u00f3n&#8221; _builder_version=&#8221;4.27.0&#8243; background_layout=&#8221;dark&#8221; global_colors_info=&#8221;{}&#8221; button_text_size__hover_enabled=&#8221;off&#8221; button_one_text_size__hover_enabled=&#8221;off&#8221; button_two_text_size__hover_enabled=&#8221;off&#8221; button_text_color__hover_enabled=&#8221;off&#8221; button_one_text_color__hover_enabled=&#8221;off&#8221; button_two_text_color__hover_enabled=&#8221;off&#8221; button_border_width__hover_enabled=&#8221;off&#8221; button_one_border_width__hover_enabled=&#8221;off&#8221; button_two_border_width__hover_enabled=&#8221;off&#8221; button_border_color__hover_enabled=&#8221;off&#8221; button_one_border_color__hover_enabled=&#8221;off&#8221; button_two_border_color__hover_enabled=&#8221;off&#8221; button_border_radius__hover_enabled=&#8221;off&#8221; button_one_border_radius__hover_enabled=&#8221;off&#8221; button_two_border_radius__hover_enabled=&#8221;off&#8221; button_letter_spacing__hover_enabled=&#8221;off&#8221; button_one_letter_spacing__hover_enabled=&#8221;off&#8221; button_two_letter_spacing__hover_enabled=&#8221;off&#8221; button_bg_color__hover_enabled=&#8221;off&#8221; button_one_bg_color__hover_enabled=&#8221;off&#8221; button_two_bg_color__hover_enabled=&#8221;off&#8221;][\/et_pb_button][\/et_pb_column][\/et_pb_row][\/et_pb_section]<\/p>\n","protected":false},"excerpt":{"rendered":"<p>&#8216;Infantil 2-6 a\u00f1os Comprender, hablar, disfrutarEl m\u00e9todo de ense\u00f1anza introduce a los alumnos a trav\u00e9s de juegos, canciones, teatro, manualidades&#8230; al concepto de otra lengua y otra cultura. Son estimulados para aprender un idioma con actividades con las que disfrutan, as\u00ed que no supone ning\u00fan esfuerzo especial. \u00bfPor qu\u00e9 empezar a aprender ingl\u00e9s tan peque\u00f1os? [&hellip;]<\/p>\n","protected":false},"author":1,"featured_media":0,"parent":2577,"menu_order":45,"comment_status":"closed","ping_status":"closed","template":"","meta":{"_et_pb_use_builder":"on","_et_pb_old_content":"","_et_gb_content_width":"","footnotes":""},"class_list":["post-147","page","type-page","status-publish","hentry"],"_links":{"self":[{"href":"https:\/\/westend.es\/index.php\/wp-json\/wp\/v2\/pages\/147","targetHints":{"allow":["GET"]}}],"collection":[{"href":"https:\/\/westend.es\/index.php\/wp-json\/wp\/v2\/pages"}],"about":[{"href":"https:\/\/westend.es\/index.php\/wp-json\/wp\/v2\/types\/page"}],"author":[{"embeddable":true,"href":"https:\/\/westend.es\/index.php\/wp-json\/wp\/v2\/users\/1"}],"replies":[{"embeddable":true,"href":"https:\/\/westend.es\/index.php\/wp-json\/wp\/v2\/comments?post=147"}],"version-history":[{"count":69,"href":"https:\/\/westend.es\/index.php\/wp-json\/wp\/v2\/pages\/147\/revisions"}],"predecessor-version":[{"id":5311,"href":"https:\/\/westend.es\/index.php\/wp-json\/wp\/v2\/pages\/147\/revisions\/5311"}],"up":[{"embeddable":true,"href":"https:\/\/westend.es\/index.php\/wp-json\/wp\/v2\/pages\/2577"}],"wp:attachment":[{"href":"https:\/\/westend.es\/index.php\/wp-json\/wp\/v2\/media?parent=147"}],"curies":[{"name":"wp","href":"https:\/\/api.w.org\/{rel}","templated":true}]}}