{"id":1594,"date":"2018-02-21T19:56:01","date_gmt":"2018-02-21T18:56:01","guid":{"rendered":"http:\/\/westend.es\/?page_id=1594"},"modified":"2025-10-21T19:16:18","modified_gmt":"2025-10-21T17:16:18","slug":"examenes-oficiales","status":"publish","type":"page","link":"https:\/\/westend.es\/index.php\/examenes-oficiales\/","title":{"rendered":"Ex\u00e1menes Oficiales"},"content":{"rendered":"<p>[et_pb_section fb_built=&#8221;1&#8243; fullwidth=&#8221;on&#8221; _builder_version=&#8221;4.16&#8243; global_colors_info=&#8221;{}&#8221;][et_pb_fullwidth_image src=&#8221;https:\/\/westend.es\/wp-content\/uploads\/2021\/03\/examenes.png&#8221; _builder_version=&#8221;4.16&#8243; global_colors_info=&#8221;{}&#8221;][\/et_pb_fullwidth_image][\/et_pb_section][et_pb_section fb_built=&#8221;1&#8243; admin_label=&#8221;section&#8221; _builder_version=&#8221;4.16&#8243; global_colors_info=&#8221;{}&#8221;][et_pb_row admin_label=&#8221;row&#8221; _builder_version=&#8221;4.16&#8243; background_size=&#8221;initial&#8221; background_position=&#8221;top_left&#8221; background_repeat=&#8221;repeat&#8221; width=&#8221;70%&#8221; max_width=&#8221;70%&#8221; use_custom_width=&#8221;on&#8221; width_unit=&#8221;off&#8221; custom_width_percent=&#8221;70%&#8221; global_colors_info=&#8221;{}&#8221;][et_pb_column type=&#8221;4_4&#8243; _builder_version=&#8221;4.16&#8243; custom_padding=&#8221;|||&#8221; global_colors_info=&#8221;{}&#8221; custom_padding__hover=&#8221;|||&#8221;][et_pb_text _builder_version=&#8221;4.16&#8243; background_size=&#8221;initial&#8221; background_position=&#8221;top_left&#8221; background_repeat=&#8221;repeat&#8221; global_colors_info=&#8221;{}&#8221;]<\/p>\n<h1><strong><span style=\"color: #041791;\">Ex\u00e1menes oficiales<\/span><\/strong><\/h1>\n<h2>Las titulaciones que necesitas para tu desarrollo profesional<\/h2>\n<p>[\/et_pb_text][et_pb_text _builder_version=&#8221;4.16&#8243; background_size=&#8221;initial&#8221; background_position=&#8221;top_left&#8221; background_repeat=&#8221;repeat&#8221; custom_padding=&#8221;||11px|||&#8221; global_colors_info=&#8221;{}&#8221;]<\/p>\n<h3><img loading=\"lazy\" decoding=\"async\" class=\"alignnone wp-image-1589\" src=\"..\/..\/wp-content\/uploads\/2016\/06\/logo-cambridge-web-2-300x84.jpg\" alt=\"\" width=\"300\" height=\"84\" srcset=\"https:\/\/westend.es\/wp-content\/uploads\/2016\/06\/logo-cambridge-web-2-300x84.jpg 300w, https:\/\/westend.es\/wp-content\/uploads\/2016\/06\/logo-cambridge-web-2-768x215.jpg 768w, https:\/\/westend.es\/wp-content\/uploads\/2016\/06\/logo-cambridge-web-2-1024x287.jpg 1024w, https:\/\/westend.es\/wp-content\/uploads\/2016\/06\/logo-cambridge-web-2-1080x302.jpg 1080w, https:\/\/westend.es\/wp-content\/uploads\/2016\/06\/logo-cambridge-web-2.jpg 1464w\" sizes=\"auto, (max-width: 300px) 100vw, 300px\" \/><\/h3>\n<h3><strong>CAMBRIDGE ENGLISH<\/strong><\/h3>\n<p>Los ex\u00e1menes de Cambridge English Language Assessment <strong>son conocidos y reconocidos por colegios, universidades y empresas p\u00fablicas y privadas de todo el mundo angloparlante.\u00a0 <\/strong><\/p>\n<p>Cambridge cuenta con:<\/p>\n<ul>\n<li><strong>Ex\u00e1menes Young Learners English para ni\u00f1os: La mejor motivaci\u00f3n para empezar<\/strong><\/li>\n<\/ul>\n<p>Son<strong> ex\u00e1menes de ingl\u00e9s para ni\u00f1os entre 7 y 12 a\u00f1os concebidos para motivar su esfuerzo y su progreso<\/strong>. Con un enfoque divertido y ameno, no solo incentivan a los ni\u00f1os para mejorar, sino que los entrena para mejorar sus resultados en el futuro cuando se enfrenten a los ex\u00e1menes de los siguientes niveles.<\/p>\n<ul>\n<li><strong>Ex\u00e1menes para J\u00f3venes y Adultos<\/strong><\/li>\n<\/ul>\n<p><strong>A partir de los 12 a\u00f1os aproximadamente,<\/strong> los estudiantes comienzan a realizar los <strong>ex\u00e1menes para j\u00f3venes y adultos: KET (A2), PET (B1), First Certificate (B2), Advanced (C1) y Proficiency (C2).<\/strong><\/p>\n<p><strong>Los niveles para j\u00f3venes y adultos son los mismos, aunque el KET, PET y First Certificate tienen un formato especial para j\u00f3venes denominado <em>for Schools<\/em><\/strong>. Se trata de ex\u00e1menes con un vocabulario y tem\u00e1tica adaptada a los menores de 18 a\u00f1os. La titulaci\u00f3n obtenida es exactamente la misma que los ex\u00e1menes de adultos.<\/p>\n<p>Cada nivel consta de diferentes pruebas, de distinta duraci\u00f3n, divididas seg\u00fan las \u00e1reas de conocimiento. Los niveles KET y PET se componen de 3 partes: <em>Reading &amp; Writing, Listening y Speaking. <\/em>En los niveles FCE, CAE y CPE el examen consta de 5 partes:<em> Reading, Writing, Use of English <\/em>(gram\u00e1tica y vocabulario)<em>, Listening y Speaking.<\/em><\/p>\n<blockquote><\/blockquote>\n<p>Pincha<a href=\"https:\/\/westend.es\/wp-content\/uploads\/2025\/06\/Diptico-Cambridge-25-26.pdf\"> aqu\u00ed<\/a> para <strong>conocer las fechas de las convocatorias de Cambridge para este curso 25\/26<\/strong><\/p>\n<blockquote><\/blockquote>\n<p>[\/et_pb_text][et_pb_button button_url=&#8221;https:\/\/westend.es\/wp-content\/uploads\/2025\/10\/Diptico-intensivos-25-26-definitivo.jpg&#8221; url_new_window=&#8221;on&#8221; button_text=&#8221;PREPARA CON NOSOTROS LOS EX\u00c1MENES OFICIALES&#8221; button_alignment=&#8221;center&#8221; admin_label=&#8221;Bot\u00f3n&#8221; _builder_version=&#8221;4.27.0&#8243; background_layout=&#8221;dark&#8221; hover_enabled=&#8221;0&#8243; global_colors_info=&#8221;{}&#8221; button_text_size__hover_enabled=&#8221;off&#8221; button_one_text_size__hover_enabled=&#8221;off&#8221; button_two_text_size__hover_enabled=&#8221;off&#8221; button_text_color__hover_enabled=&#8221;off&#8221; button_one_text_color__hover_enabled=&#8221;off&#8221; button_two_text_color__hover_enabled=&#8221;off&#8221; button_border_width__hover_enabled=&#8221;off&#8221; button_one_border_width__hover_enabled=&#8221;off&#8221; button_two_border_width__hover_enabled=&#8221;off&#8221; button_border_color__hover_enabled=&#8221;off&#8221; button_one_border_color__hover_enabled=&#8221;off&#8221; button_two_border_color__hover_enabled=&#8221;off&#8221; button_border_radius__hover_enabled=&#8221;off&#8221; button_one_border_radius__hover_enabled=&#8221;off&#8221; button_two_border_radius__hover_enabled=&#8221;off&#8221; button_letter_spacing__hover_enabled=&#8221;off&#8221; button_one_letter_spacing__hover_enabled=&#8221;off&#8221; button_two_letter_spacing__hover_enabled=&#8221;off&#8221; button_bg_color__hover_enabled=&#8221;off&#8221; button_one_bg_color__hover_enabled=&#8221;off&#8221; button_two_bg_color__hover_enabled=&#8221;off&#8221; sticky_enabled=&#8221;0&#8243;][\/et_pb_button][\/et_pb_column][\/et_pb_row][et_pb_row admin_label=&#8221;row&#8221; _builder_version=&#8221;4.16&#8243; background_size=&#8221;initial&#8221; background_position=&#8221;top_left&#8221; background_repeat=&#8221;repeat&#8221; width=&#8221;70%&#8221; max_width=&#8221;70%&#8221; use_custom_width=&#8221;on&#8221; width_unit=&#8221;off&#8221; custom_width_percent=&#8221;70%&#8221; global_colors_info=&#8221;{}&#8221;][et_pb_column type=&#8221;4_4&#8243; _builder_version=&#8221;4.16&#8243; custom_padding=&#8221;|||&#8221; global_colors_info=&#8221;{}&#8221; custom_padding__hover=&#8221;|||&#8221;][\/et_pb_column][\/et_pb_row][\/et_pb_section]<\/p>\n","protected":false},"excerpt":{"rendered":"<p>Ex\u00e1menes oficiales Las titulaciones que necesitas para tu desarrollo profesional CAMBRIDGE ENGLISH Los ex\u00e1menes de Cambridge English Language Assessment son conocidos y reconocidos por colegios, universidades y empresas p\u00fablicas y privadas de todo el mundo angloparlante.\u00a0 Cambridge cuenta con: Ex\u00e1menes Young Learners English para ni\u00f1os: La mejor motivaci\u00f3n para empezar Son ex\u00e1menes de ingl\u00e9s para [&hellip;]<\/p>\n","protected":false},"author":2,"featured_media":0,"parent":0,"menu_order":60,"comment_status":"closed","ping_status":"closed","template":"","meta":{"_et_pb_use_builder":"on","_et_pb_old_content":"<img class=\"size-medium wp-image-1585 alignleft\" src=\"http:\/\/westend.es\/wp-content\/uploads\/2016\/06\/Oxford-logo-apaisado-300x131.jpg\" alt=\"\" width=\"300\" height=\"131\" \/><a href=\"http:\/\/westend.es\/wp-content\/uploads\/2016\/06\/logo-cambridge-web-2.jpg\"><img class=\"size-medium wp-image-1589 alignleft\" src=\"http:\/\/westend.es\/wp-content\/uploads\/2016\/06\/logo-cambridge-web-2-300x84.jpg\" alt=\"\" width=\"300\" height=\"84\" \/><\/a>\r\n\r\n\u00a0\r\n\r\n\u00a0\r\n\r\n\u00a0\r\n\r\n<strong>OXFORD TEST OF ENGLISH<\/strong>\r\nEl nuevo examen de ingl\u00e9s.\r\n\r\nCertificado por la Universidad de Oxford y reconocido por universidades e instituciones educativas a nivel nacional.\r\n\r\nWest End Idiomas es centro examinador oficial de \u201cOxford Test of English\u201d (OTE).\r\n\r\nEl OTE <strong>es un \u00fanico examen<\/strong> donde se puede obtener una de las siguientes calificaciones correspondientes al Marco Com\u00fan Europeo de Referencia: A2, B1 y B2. No es necesario que se elija el nivel ya que la prueba es \u00fanica para todos los candidatos.\r\n\r\nVa dirigido a quienes necesiten certificar su nivel de ingl\u00e9s de manera oficial, con el objetivo de acceder a universidades, cursos o puestos de trabajo donde exijan un nivel m\u00ednimo.\r\n\r\nEl examen se realiza en nuestras instalaciones y es totalmente on-line. Tiene una duraci\u00f3n de dos horas. A lo largo del a\u00f1o convocamos ex\u00e1menes en distintas fechas y con distintos horarios.\r\n\r\nEn un plazo de 15 d\u00edas, una vez realizada la prueba, recibes v\u00eda correo electr\u00f3nico, un informe con la nota global y la de cada uno de los m\u00f3dulos (expresi\u00f3n y comprensi\u00f3n oral, expresi\u00f3n y comprensi\u00f3n escrita).\r\n\r\n<strong>PR\u00d3XIMAS CONVOCATORIAS DEL OXFORD TEST OF ENGLISH 2018:<\/strong>\r\n\r\n26 de Mayo del 2018\r\n23 de Junio del 2018\r\n8 de Septiembre del 2018\r\nHorario de 10:00 a 12:00hs.\r\n\r\nInscripci\u00f3n hasta dos semanas antes de la fecha del examen llamando al 948 19 80 11 - Precio: 89\u20ac\r\n\r\n<strong>CAMBRIDGE ENGLISH<\/strong>\r\n\r\nLos ex\u00e1menes de Cambridge English Language Assessment son conocidos y reconocidos por colegios, universidades y empresas p\u00fablicas y privadas de todo el mundo angloparlante.\u00a0 Cambridge cuenta con:\r\n<ul>\r\n \t<li><strong>Ex\u00e1menes Young Learners English para ni\u00f1os: La mejor motivaci\u00f3n para empezar<\/strong><\/li>\r\n<\/ul>\r\nSon ex\u00e1menes de ingl\u00e9s para ni\u00f1os entre 7 y 12 a\u00f1os concebidos para motivar su esfuerzo y su progreso. Con un enfoque divertido y ameno, no solo incentivan a los ni\u00f1os para mejorar, sino que los entrena para mejorar sus resultados en el futuro cuando se enfrenten a los ex\u00e1menes de los siguientes niveles.\r\n<ul>\r\n \t<li><strong>Ex\u00e1menes para J\u00f3venes y Adultos<\/strong><\/li>\r\n<\/ul>\r\nA partir de los\u00a0 12 a\u00f1os aproximadamente, los estudiantes comienzan a realizar los ex\u00e1menes para j\u00f3venes y adultos: KET (A2), PET (B1), First Certificate (B2), Advanced (C1) y Proficiency (C2).\r\n\r\nLos niveles para j\u00f3venes y adultos son los mismos, aunque el KET, PET y First Certificate tienen un formato especial para j\u00f3venes denominado <em>for Schools<\/em>. Se trata de ex\u00e1menes con un vocabulario y tem\u00e1tica adaptada a los menores de 18 a\u00f1os. La titulaci\u00f3n obtenida es exactamente la misma que los ex\u00e1menes de adultos.\r\n\r\nCada nivel consta de diferentes pruebas, de distinta duraci\u00f3n, divididas seg\u00fan las \u00e1reas de conocimiento. Los niveles KET y PET se componen de 3 partes: <em>Reading & Writing, Listening y Speaking. <\/em>En los niveles FCE, CAE y CPE el examen consta de 5 partes:<em> Reading, Writing, Use of English <\/em>(gram\u00e1tica y vocabulario)<em>, Listening y Speaking.<\/em>\r\n\r\n\u00a0","_et_gb_content_width":"","footnotes":""},"class_list":["post-1594","page","type-page","status-publish","hentry"],"_links":{"self":[{"href":"https:\/\/westend.es\/index.php\/wp-json\/wp\/v2\/pages\/1594","targetHints":{"allow":["GET"]}}],"collection":[{"href":"https:\/\/westend.es\/index.php\/wp-json\/wp\/v2\/pages"}],"about":[{"href":"https:\/\/westend.es\/index.php\/wp-json\/wp\/v2\/types\/page"}],"author":[{"embeddable":true,"href":"https:\/\/westend.es\/index.php\/wp-json\/wp\/v2\/users\/2"}],"replies":[{"embeddable":true,"href":"https:\/\/westend.es\/index.php\/wp-json\/wp\/v2\/comments?post=1594"}],"version-history":[{"count":57,"href":"https:\/\/westend.es\/index.php\/wp-json\/wp\/v2\/pages\/1594\/revisions"}],"predecessor-version":[{"id":5458,"href":"https:\/\/westend.es\/index.php\/wp-json\/wp\/v2\/pages\/1594\/revisions\/5458"}],"wp:attachment":[{"href":"https:\/\/westend.es\/index.php\/wp-json\/wp\/v2\/media?parent=1594"}],"curies":[{"name":"wp","href":"https:\/\/api.w.org\/{rel}","templated":true}]}}