{"id":212,"date":"2016-08-15T22:13:00","date_gmt":"2016-08-15T20:13:00","guid":{"rendered":"http:\/\/westend.es\/new\/?page_id=212"},"modified":"2025-08-22T11:29:32","modified_gmt":"2025-08-22T09:29:32","slug":"jovenes","status":"publish","type":"page","link":"https:\/\/westend.es\/index.php\/jovenes-2\/jovenes\/","title":{"rendered":"Secundaria y Bachiller"},"content":{"rendered":"<p>[et_pb_section fb_built=&#8221;1&#8243; fullwidth=&#8221;on&#8221; custom_padding_last_edited=&#8221;on|desktop&#8221; _builder_version=&#8221;4.16&#8243; custom_padding_tablet=&#8221;50px|0|50px|0&#8243; custom_padding_phone=&#8221;&#8221; transparent_background=&#8221;off&#8221; padding_mobile=&#8221;off&#8221; global_colors_info=&#8221;{}&#8221;][et_pb_fullwidth_slider _builder_version=&#8221;4.16&#8243; _module_preset=&#8221;default&#8221; global_colors_info=&#8221;{}&#8221;][et_pb_slide _builder_version=&#8221;4.16&#8243; _module_preset=&#8221;default&#8221; background_color=&#8221;RGBA(0,0,0,0)&#8221; background_enable_color=&#8221;on&#8221; background_image=&#8221;https:\/\/westend.es\/wp-content\/uploads\/2023\/10\/secundaria.jpg&#8221; background_enable_image=&#8221;on&#8221; global_colors_info=&#8221;{}&#8221; sticky_transition=&#8221;on&#8221;][\/et_pb_slide][et_pb_slide _builder_version=&#8221;4.16&#8243; _module_preset=&#8221;default&#8221; background_enable_color=&#8221;off&#8221; background_image=&#8221;https:\/\/westend.es\/wp-content\/uploads\/2024\/01\/2024-01-11-at-19-51-44-scaled.jpg&#8221; background_enable_image=&#8221;on&#8221; global_colors_info=&#8221;{}&#8221; sticky_transition=&#8221;on&#8221;][\/et_pb_slide][et_pb_slide _builder_version=&#8221;4.16&#8243; _module_preset=&#8221;default&#8221; background_enable_color=&#8221;off&#8221; background_image=&#8221;https:\/\/westend.es\/wp-content\/uploads\/2024\/01\/2024-01-11-at-17-29-47-scaled.jpg&#8221; background_enable_image=&#8221;on&#8221; global_colors_info=&#8221;{}&#8221; sticky_transition=&#8221;on&#8221;][\/et_pb_slide][\/et_pb_fullwidth_slider][\/et_pb_section][et_pb_section fb_built=&#8221;1&#8243; custom_padding_last_edited=&#8221;on|desktop&#8221; admin_label=&#8221;section&#8221; _builder_version=&#8221;4.16&#8243; custom_padding=&#8221;54px|0px|5px|0px&#8221; custom_padding_tablet=&#8221;50px|0|50px|0&#8243; custom_padding_phone=&#8221;&#8221; transparent_background=&#8221;off&#8221; padding_mobile=&#8221;off&#8221; global_colors_info=&#8221;{}&#8221;][et_pb_row padding_mobile=&#8221;off&#8221; column_padding_mobile=&#8221;on&#8221; admin_label=&#8221;row&#8221; _builder_version=&#8221;4.16&#8243; background_size=&#8221;initial&#8221; background_position=&#8221;top_left&#8221; background_repeat=&#8221;repeat&#8221; width=&#8221;70%&#8221; max_width=&#8221;70%&#8221; use_custom_width=&#8221;on&#8221; width_unit=&#8221;off&#8221; custom_width_percent=&#8221;70%&#8221; global_colors_info=&#8221;{}&#8221;][et_pb_column type=&#8221;4_4&#8243; _builder_version=&#8221;4.16&#8243; custom_padding=&#8221;|||&#8221; global_colors_info=&#8221;{}&#8221; custom_padding__hover=&#8221;|||&#8221;][et_pb_text disabled_on=&#8221;on|off|off&#8221; admin_label=&#8221;Texto&#8221; _builder_version=&#8221;4.16&#8243; background_size=&#8221;initial&#8221; background_position=&#8221;top_left&#8221; background_repeat=&#8221;repeat&#8221; use_border_color=&#8221;off&#8221; global_colors_info=&#8221;{}&#8221;]<\/p>\n<h1><strong><span style=\"color: #041791;\">Secundaria y Bachiller 12-18 a\u00f1os<\/span><\/strong><\/h1>\n<h2>Preparando su futuro sin perder la sonrisa<\/h2>\n<p>[\/et_pb_text][et_pb_text disabled_on=&#8221;on|off|off&#8221; admin_label=&#8221;Texto&#8221; _builder_version=&#8221;4.16&#8243; background_size=&#8221;initial&#8221; background_position=&#8221;top_left&#8221; background_repeat=&#8221;repeat&#8221; use_border_color=&#8221;off&#8221; global_colors_info=&#8221;{}&#8221;]<\/p>\n<p class=\"MsoNormal\"><span lang=\"ES-TRAD\">En West End Idiomas contamos con <strong>muchos grupos de j\u00f3venes a los que preparamos para los siguientes niveles del MCE (Marco Com\u00fan Europeo).<\/strong><\/span><\/p>\n<p class=\"MsoNormal\"><strong><span lang=\"ES-TRAD\">B1 \u00a0 \u00a0 \u00a0 \u00a0 \u00a0 \u00a0 \u00a0 PET \u00a0 \u00a0 \u00a0 Umbral\/Intermedio<\/span><\/strong><\/p>\n<p class=\"MsoNormal\"><strong><span lang=\"ES-TRAD\">B2 \u00a0 \u00a0 \u00a0 \u00a0 \u00a0 \u00a0 \u00a0 FCE\u00a0 \u00a0 \u00a0 \u00a0Intermedio alto<\/span><\/strong><\/p>\n<p class=\"MsoNormal\"><strong><span lang=\"ES-TRAD\">C1\u00a0 \u00a0 \u00a0 \u00a0 \u00a0 \u00a0 \u00a0 \u00a0CAE\u00a0 \u00a0 \u00a0 \u00a0Dominio Operativo Eficaz<\/span><\/strong><\/p>\n<p class=\"MsoNormal\"><strong><span lang=\"ES-TRAD\">C2\u00a0 \u00a0 \u00a0 \u00a0 \u00a0 \u00a0 \u00a0 \u00a0CPE\u00a0 \u00a0 \u00a0 \u00a0Maestr\u00eda<\/span><\/strong><\/p>\n<h3><\/h3>\n<h3 class=\"MsoNormal\"><span lang=\"ES-TRAD\">B1 Blast!<\/span><\/h3>\n<p class=\"MsoNormal\"><span lang=\"ES-TRAD\">Nuestro <strong>curso exclusivo<\/strong>, llamado B1 Blast!, naci\u00f3 viendo la edad de nuestros estudiantes al llegar al nivel B1 \u00a0y teniendo en cuenta adem\u00e1s que los niveles de ingl\u00e9s en Navarra han subido notablemente en los \u00faltimos a\u00f1os<strong>. Son alumnos cada vez m\u00e1s j\u00f3venes los que empiezan este nivel.<\/strong>\u00a0 Adapt\u00e1ndonos a esta situaci\u00f3n, desarrollamos durante dos a\u00f1os <strong>un nuevo curso para alcanzar el nivel B1 a base de proyectos estimulantes para pre-adolescentes.<\/strong> As\u00ed cumplimos con nuestra filosof\u00eda de<strong> lograr nuestros objetivos de la forma m\u00e1s amena posible.<\/strong><\/span><\/p>\n<h3><\/h3>\n<h3 class=\"MsoNormal\"><span lang=\"EN-US\">B2: Cambridge First Certificate of English (FCE)<\/span><\/h3>\n<p class=\"MsoNormal\"><span lang=\"ES-TRAD\">El <strong>First Certificate (B2)<\/strong> es el primer nivel donde consideramos que <strong>el principal objetivo es conseguir el t\u00edtulo<\/strong>. Los alumnos que llegan a este nivel tienen<strong> ya una buena base del idioma tanto en expresi\u00f3n y comprensi\u00f3n escrita como en la expresi\u00f3n y comprensi\u00f3n oral. <\/strong><\/span><\/p>\n<p class=\"MsoNormal\"><span lang=\"ES-TRAD\">El certificado de FCE est\u00e1 reconocido por muchas <strong>universidades e instituciones como prueba de competencia de nivel avanzado de ingl\u00e9s y lo admiten como parte de sus requisitos de ingreso.<\/strong><\/span><strong><span style=\"font-size: 12.0pt; line-height: 107%; font-family: 'Arial',sans-serif; mso-fareast-font-family: Calibri; mso-fareast-theme-font: minor-latin; mso-ansi-language: ES; mso-fareast-language: EN-US; mso-bidi-language: AR-SA;\">\u00a0\u00a0<\/span><\/strong><\/p>\n<p class=\"MsoNormal\"><span lang=\"ES-TRAD\">En West End, proponemos un <strong>curso\u00a0de dos a tres a\u00f1os perfectamente adaptado a edades escolares y que cubre todo lo necesario para aprobar este examen.<\/strong> Tambi\u00e9n hemos apostado por <strong>utilizar nuevas tecnolog\u00edas<\/strong> para que nuestros alumnos puedan <strong>consolidar y practicar en casa el trabajo hecho en clase.\u00a0 <\/strong><\/span><\/p>\n<p class=\"MsoNormal\"><span lang=\"ES-TRAD\">Junto con la preparaci\u00f3n de este examen, no olvidamos<strong> la importancia de poder comunicar y de llegar a utilizar el idioma de forma c\u00f3moda y natural.<\/strong> Por eso destacamos la importancia de ofrecer <strong>grupos peque\u00f1os con profesores nativos<\/strong> donde tendr\u00e1n oportunidades de sobra para meterse en <strong>conversaciones reales y aut\u00e9nticas, algo cada vez m\u00e1s imprescindible para la vida laboral y social.<\/strong><\/span><\/p>\n<h3><\/h3>\n<h3 class=\"MsoNormal\"><span lang=\"EN-US\">C1: Certificate of Advanced English (CAE)<\/span><\/h3>\n<p class=\"MsoNormal\"><span lang=\"ES-TRAD\">Si todo va bien, \u00bfpor qu\u00e9 no ir a por el CAE?<\/span><\/p>\n<p class=\"MsoNormal\"><strong><span lang=\"ES-TRAD\">Cada a\u00f1o tenemos m\u00e1s alumnos que quieren aprovechar su buena trayectoria para dar otro gran paso hacia adelante. \u00a1En este mundo cada vez m\u00e1s competitivo, este t\u00edtulo s\u00ed que te har\u00e1 destacar!<\/span><\/strong><\/p>\n<hr \/>\n<p>[\/et_pb_text][et_pb_text disabled_on=&#8221;on|off|off&#8221; admin_label=&#8221;Texto&#8221; _builder_version=&#8221;4.16&#8243; background_size=&#8221;initial&#8221; background_position=&#8221;top_left&#8221; background_repeat=&#8221;repeat&#8221; use_border_color=&#8221;off&#8221; global_colors_info=&#8221;{}&#8221;]<\/p>\n<h3><strong><span style=\"color: #041791;\">Horarios<\/span><\/strong><\/h3>\n<p><strong>J\u00f3venes (a partir de 12 a\u00f1os)<\/strong><\/p>\n<p>Lunes | 15:40 &#8211; 17:40 horas<br \/>Lunes y viernes o martes y jueves | 16:15-17:30 horas<br \/>Lunes y mi\u00e9rcoles o martes y jueves | 18:50-20:05 horas<br \/>Lunes y mi\u00e9rcoles o martes y jueves | 20:05-21:05 horas<br \/>Viernes | 15:40-17:40 horas<br \/>Viernes | 17:45-19:45 horas<\/p>\n<p><strong>NOTA:<\/strong> Puede haber horarios no disponibles por contar con grupos ya completos de cursos anteriores. Se realizar\u00e1 una prueba de nivel si se considera necesario para la matriculaci\u00f3n en determinados grupos.<\/p>\n<h3><strong><span style=\"color: #041791;\">Cuotas y matr\u00edcula<\/span><\/strong><\/h3>\n<p><strong>Cuotas alumnos niveles B1, B2, C1, C2:<\/strong><br \/>2 horas\/semana | 96,5\u20ac\/mes<br \/>2,5 horas\/semana | 111,5\u20ac\/mes<br \/>1,5 horas\/semana | 81,5\u20ac\/mes<\/p>\n<p><strong>Cuotas Clases particulares:<\/strong><br \/>1 alumno\u00a0 \u00a0| 35\u20ac\/hora<br \/>2 alumnos | 25\u20ac\/hora<br \/>3 alumnos | 20\u20ac\/hora<\/p>\n<ul>\n<li>Las mensualidades se calculan considerando las horas lectivas del curso, por lo que siempre ser\u00e1n del mismo importe independientemente del n\u00famero de clases que tenga un mes determinado, de octubre y a mayo. Septiembre y junio se cobrar\u00e1 la mitad de la cuota.<\/li>\n<li>10% de descuento para hermanos\/as en matr\u00edcula y cuotas.<\/li>\n<li>Cada nivel cuenta con un libro que se cobrar\u00e1 durante el primer trimestre del curso.<\/li>\n<\/ul>\n<p><strong>Matr\u00edcula: 75\u20ac<\/strong><br \/>La matr\u00edcula solo se cobra cuando el alumno se inscribe por primera vez y no los a\u00f1os posteriores, a menos que cause baja. La matr\u00edcula se abonar\u00e1 en efectivo o con tarjeta.<\/p>\n<h3><span style=\"color: #041791;\"><strong>Calendario<\/strong><\/span><\/h3>\n<p>El curso 2025-2026 <strong>comenzar\u00e1 el 12 de septiembre y finalizar\u00e1 el 17 de junio.<\/strong><\/p>\n<p>Si deseas m\u00e1s informaci\u00f3n consulta en recepci\u00f3n o ll\u00e1manos.<\/p>\n<p>[\/et_pb_text][\/et_pb_column][\/et_pb_row][et_pb_row padding_mobile=&#8221;off&#8221; column_padding_mobile=&#8221;on&#8221; admin_label=&#8221;Fila&#8221; _builder_version=&#8221;4.16&#8243; background_size=&#8221;initial&#8221; background_position=&#8221;top_left&#8221; background_repeat=&#8221;repeat&#8221; global_colors_info=&#8221;{}&#8221;][et_pb_column type=&#8221;4_4&#8243; _builder_version=&#8221;4.16&#8243; custom_padding=&#8221;|||&#8221; global_colors_info=&#8221;{}&#8221; custom_padding__hover=&#8221;|||&#8221;][et_pb_button button_url=&#8221;https:\/\/westend.es\/wp-content\/uploads\/2025\/04\/triptico-24-25-web-email.jpg&#8221; url_new_window=&#8221;on&#8221; button_text=&#8221;VER TODOS LOS HORARIOS Y PRECIOS&#8221; button_alignment=&#8221;center&#8221; admin_label=&#8221;Bot\u00f3n&#8221; _builder_version=&#8221;4.27.0&#8243; background_layout=&#8221;dark&#8221; hover_enabled=&#8221;0&#8243; global_colors_info=&#8221;{}&#8221; button_text_size__hover_enabled=&#8221;off&#8221; button_one_text_size__hover_enabled=&#8221;off&#8221; button_two_text_size__hover_enabled=&#8221;off&#8221; button_text_color__hover_enabled=&#8221;off&#8221; button_one_text_color__hover_enabled=&#8221;off&#8221; button_two_text_color__hover_enabled=&#8221;off&#8221; button_border_width__hover_enabled=&#8221;off&#8221; button_one_border_width__hover_enabled=&#8221;off&#8221; button_two_border_width__hover_enabled=&#8221;off&#8221; button_border_color__hover_enabled=&#8221;off&#8221; button_one_border_color__hover_enabled=&#8221;off&#8221; button_two_border_color__hover_enabled=&#8221;off&#8221; button_border_radius__hover_enabled=&#8221;off&#8221; button_one_border_radius__hover_enabled=&#8221;off&#8221; button_two_border_radius__hover_enabled=&#8221;off&#8221; button_letter_spacing__hover_enabled=&#8221;off&#8221; button_one_letter_spacing__hover_enabled=&#8221;off&#8221; button_two_letter_spacing__hover_enabled=&#8221;off&#8221; button_bg_color__hover_enabled=&#8221;off&#8221; button_one_bg_color__hover_enabled=&#8221;off&#8221; button_two_bg_color__hover_enabled=&#8221;off&#8221; sticky_enabled=&#8221;0&#8243;][\/et_pb_button][\/et_pb_column][\/et_pb_row][\/et_pb_section]<\/p>\n","protected":false},"excerpt":{"rendered":"<p>Secundaria y Bachiller 12-18 a\u00f1os Preparando su futuro sin perder la sonrisa En West End Idiomas contamos con muchos grupos de j\u00f3venes a los que preparamos para los siguientes niveles del MCE (Marco Com\u00fan Europeo). B1 \u00a0 \u00a0 \u00a0 \u00a0 \u00a0 \u00a0 \u00a0 PET \u00a0 \u00a0 \u00a0 Umbral\/Intermedio B2 \u00a0 \u00a0 \u00a0 \u00a0 \u00a0 \u00a0 [&hellip;]<\/p>\n","protected":false},"author":1,"featured_media":0,"parent":2575,"menu_order":49,"comment_status":"closed","ping_status":"closed","template":"","meta":{"_et_pb_use_builder":"on","_et_pb_old_content":"","_et_gb_content_width":"","footnotes":""},"class_list":["post-212","page","type-page","status-publish","hentry"],"_links":{"self":[{"href":"https:\/\/westend.es\/index.php\/wp-json\/wp\/v2\/pages\/212","targetHints":{"allow":["GET"]}}],"collection":[{"href":"https:\/\/westend.es\/index.php\/wp-json\/wp\/v2\/pages"}],"about":[{"href":"https:\/\/westend.es\/index.php\/wp-json\/wp\/v2\/types\/page"}],"author":[{"embeddable":true,"href":"https:\/\/westend.es\/index.php\/wp-json\/wp\/v2\/users\/1"}],"replies":[{"embeddable":true,"href":"https:\/\/westend.es\/index.php\/wp-json\/wp\/v2\/comments?post=212"}],"version-history":[{"count":60,"href":"https:\/\/westend.es\/index.php\/wp-json\/wp\/v2\/pages\/212\/revisions"}],"predecessor-version":[{"id":5318,"href":"https:\/\/westend.es\/index.php\/wp-json\/wp\/v2\/pages\/212\/revisions\/5318"}],"up":[{"embeddable":true,"href":"https:\/\/westend.es\/index.php\/wp-json\/wp\/v2\/pages\/2575"}],"wp:attachment":[{"href":"https:\/\/westend.es\/index.php\/wp-json\/wp\/v2\/media?parent=212"}],"curies":[{"name":"wp","href":"https:\/\/api.w.org\/{rel}","templated":true}]}}