{"id":216,"date":"2016-08-15T22:22:06","date_gmt":"2016-08-15T20:22:06","guid":{"rendered":"http:\/\/westend.es\/new\/?page_id=216"},"modified":"2025-08-22T12:04:35","modified_gmt":"2025-08-22T10:04:35","slug":"adultos","status":"publish","type":"page","link":"https:\/\/westend.es\/index.php\/adultos\/","title":{"rendered":"Adultos"},"content":{"rendered":"<p>[et_pb_section fb_built=&#8221;1&#8243; fullwidth=&#8221;on&#8221; _builder_version=&#8221;4.16&#8243; global_colors_info=&#8221;{}&#8221;][et_pb_fullwidth_slider _builder_version=&#8221;4.16&#8243; _module_preset=&#8221;default&#8221; global_colors_info=&#8221;{}&#8221;][et_pb_slide _builder_version=&#8221;4.16&#8243; _module_preset=&#8221;default&#8221; background_enable_color=&#8221;off&#8221; background_image=&#8221;https:\/\/westend.es\/wp-content\/uploads\/2024\/01\/foto-coffee.jpg&#8221; background_enable_image=&#8221;on&#8221; global_colors_info=&#8221;{}&#8221; sticky_transition=&#8221;on&#8221;][\/et_pb_slide][et_pb_slide _builder_version=&#8221;4.16&#8243; _module_preset=&#8221;default&#8221; background_enable_color=&#8221;off&#8221; background_image=&#8221;https:\/\/westend.es\/wp-content\/uploads\/2023\/10\/2023-09-28-at-18-55-06-scaled.jpg&#8221; background_enable_image=&#8221;on&#8221; background_position=&#8221;center_left&#8221; global_colors_info=&#8221;{}&#8221; sticky_transition=&#8221;on&#8221;][\/et_pb_slide][\/et_pb_fullwidth_slider][\/et_pb_section][et_pb_section fb_built=&#8221;1&#8243; admin_label=&#8221;section&#8221; _builder_version=&#8221;4.16&#8243; global_colors_info=&#8221;{}&#8221;][et_pb_row admin_label=&#8221;row&#8221; _builder_version=&#8221;4.16&#8243; background_size=&#8221;initial&#8221; background_position=&#8221;top_left&#8221; background_repeat=&#8221;repeat&#8221; width=&#8221;70%&#8221; max_width=&#8221;70%&#8221; use_custom_width=&#8221;on&#8221; width_unit=&#8221;off&#8221; custom_width_percent=&#8221;70%&#8221; global_colors_info=&#8221;{}&#8221;][et_pb_column type=&#8221;4_4&#8243; _builder_version=&#8221;4.16&#8243; custom_padding=&#8221;|||&#8221; global_colors_info=&#8221;{}&#8221; custom_padding__hover=&#8221;|||&#8221;][et_pb_text _builder_version=&#8221;4.16&#8243; background_size=&#8221;initial&#8221; background_position=&#8221;top_left&#8221; background_repeat=&#8221;repeat&#8221; use_border_color=&#8221;off&#8221; global_colors_info=&#8221;{}&#8221;]<\/p>\n<h1><strong><span style=\"color: #041791;\">Adultos<\/span><\/strong><\/h1>\n<h2>Mejora tu nivel de ingl\u00e9s en cualquier momento<\/h2>\n<p>[\/et_pb_text][et_pb_text _builder_version=&#8221;4.16&#8243; background_size=&#8221;initial&#8221; background_position=&#8221;top_left&#8221; background_repeat=&#8221;repeat&#8221; use_border_color=&#8221;off&#8221; global_colors_info=&#8221;{}&#8221;]<\/p>\n<p><strong>Cursos anuales o intensivos con profesores nativos<\/strong> dise\u00f1ados para aquellas personas que quieran <strong>mejorar su nivel de ingl\u00e9s.<\/strong> Cada curso tiene un objetivo distinto.<\/p>\n<p>Contamos con <strong>diferentes formatos de clase para adaptarnos a las diversas situaciones del uso del idioma:<\/strong><\/p>\n<h3>Intensive Course<\/h3>\n<p><strong>Cursos de preparaci\u00f3n de ex\u00e1menes. <\/strong>Niveles B2 y C1.<br \/>Clases de 2 horas, los s\u00e1bados de 10 a 12hs.<\/p>\n<p>Consultar informaci\u00f3n en recepci\u00f3n.<\/p>\n<p><a href=\"https:\/\/westend.es\/wp-content\/uploads\/2025\/06\/Diptico-Cambridge-25-26.pdf\">Pincha aqu\u00ed<\/a> para <strong>conocer las fechas de las convocatorias de Cambridge para el curso 2025 &#8211; 2026<\/strong><\/p>\n<h3><\/h3>\n<h3 class=\"MsoNormal\"><span lang=\"ES-TRAD\">Academic Year Course<\/span><\/h3>\n<p><strong>Ingl\u00e9s general para todos los niveles<\/strong>; b\u00e1sico, pre-intermedio, B1, B2 y C1.<br \/>Cursos de octubre a mayo.<br \/>Clases de 1 h o 1:15 h. 2 veces por semana.<\/p>\n<h3><\/h3>\n<h3 class=\"MsoNormal\"><span lang=\"ES-TRAD\">General Conversation Classes <\/span><\/h3>\n<p><strong>Cursos de conversaci\u00f3n<\/strong>. De la mano de nuestros profesores nativos, podr\u00e1s aprender el ingl\u00e9s real, frases y expresiones utilizadas en la vida cotidiana y mejorar la fluidez.<br \/>Clases de 1 hora, una vez por semana.<\/p>\n<h3><\/h3>\n<h3 class=\"MsoNormal\"><span lang=\"ES-TRAD\">West End Professional <\/span><\/h3>\n<p>Clases para empresas. Desde West End Idiomas Professional te podemos proporcionar programas altamente personalizados y de car\u00e1cter pr\u00e1ctico para satisfacer tus requisitos. Los horarios y la frecuencia de la formaci\u00f3n son flexibles seg\u00fan tus necesidades.\u00a0Nuestros cursos te ayudar\u00e1n a:<\/p>\n<ul>\n<li><strong>Desarrollar competencias<\/strong> a trav\u00e9s de una variedad de actividades en contextos relevantes en el mundo laboral.<\/li>\n<li><strong>Mejorar la comprensi\u00f3n<\/strong> de la gram\u00e1tica, el <strong>vocabulario relevante para los negocios<\/strong> y la <strong>pronunciaci\u00f3n<\/strong> con \u00fatiles t\u00e9cnicas de adquisici\u00f3n del idioma.<\/li>\n<li><strong>Practicar la fluidez oral y la confianza<\/strong> a la hora de hablar ingl\u00e9s a trav\u00e9s de tareas individuales, trabajo en parejas y en grupos, todo ello con un profesor supervisando el trabajo.<\/li>\n<li><strong>Comprobar los progresos<\/strong> a trav\u00e9s de ejercicios evaluados y sesiones individuales de asesoramiento.<\/li>\n<\/ul>\n<p><strong>Los d\u00edas y los horarios se acuerdan seg\u00fan las necesidades de la empresa. El precio depender\u00e1 de las horas requeridas.<\/strong><br \/>Ponte en contacto con nosotros y te enviaremos una propuesta de formaci\u00f3n en ingl\u00e9s para tu organizaci\u00f3n.<\/p>\n<p style=\"text-align: center;\"><strong>10% de descuento para madres y padres de alumn@s matriculados.<\/strong><\/p>\n<p style=\"text-align: center;\">\n<p>[\/et_pb_text][\/et_pb_column][\/et_pb_row][et_pb_row admin_label=&#8221;row&#8221; _builder_version=&#8221;4.16&#8243; background_size=&#8221;initial&#8221; background_position=&#8221;top_left&#8221; background_repeat=&#8221;repeat&#8221; width=&#8221;70%&#8221; max_width=&#8221;70%&#8221; use_custom_width=&#8221;on&#8221; width_unit=&#8221;off&#8221; custom_width_percent=&#8221;70%&#8221; global_colors_info=&#8221;{}&#8221;][et_pb_column type=&#8221;4_4&#8243; _builder_version=&#8221;4.16&#8243; custom_padding=&#8221;|||&#8221; global_colors_info=&#8221;{}&#8221; custom_padding__hover=&#8221;|||&#8221;][et_pb_button button_url=&#8221;https:\/\/westend.es\/wp-content\/uploads\/2025\/08\/Calendario-25-26.png&#8221; url_new_window=&#8221;on&#8221; button_text=&#8221;VER CURSOS PARA ADULTOS Y PRECIOS&#8221; button_alignment=&#8221;center&#8221; _builder_version=&#8221;4.27.0&#8243; background_layout=&#8221;dark&#8221; hover_enabled=&#8221;0&#8243; global_colors_info=&#8221;{}&#8221; button_text_size__hover_enabled=&#8221;off&#8221; button_one_text_size__hover_enabled=&#8221;off&#8221; button_two_text_size__hover_enabled=&#8221;off&#8221; button_text_color__hover_enabled=&#8221;off&#8221; button_one_text_color__hover_enabled=&#8221;off&#8221; button_two_text_color__hover_enabled=&#8221;off&#8221; button_border_width__hover_enabled=&#8221;off&#8221; button_one_border_width__hover_enabled=&#8221;off&#8221; button_two_border_width__hover_enabled=&#8221;off&#8221; button_border_color__hover_enabled=&#8221;off&#8221; button_one_border_color__hover_enabled=&#8221;off&#8221; button_two_border_color__hover_enabled=&#8221;off&#8221; button_border_radius__hover_enabled=&#8221;off&#8221; button_one_border_radius__hover_enabled=&#8221;off&#8221; button_two_border_radius__hover_enabled=&#8221;off&#8221; button_letter_spacing__hover_enabled=&#8221;off&#8221; button_one_letter_spacing__hover_enabled=&#8221;off&#8221; button_two_letter_spacing__hover_enabled=&#8221;off&#8221; button_bg_color__hover_enabled=&#8221;off&#8221; button_one_bg_color__hover_enabled=&#8221;off&#8221; button_two_bg_color__hover_enabled=&#8221;off&#8221; sticky_enabled=&#8221;0&#8243;][\/et_pb_button][\/et_pb_column][\/et_pb_row][\/et_pb_section]<\/p>\n","protected":false},"excerpt":{"rendered":"<p>Adultos Mejora tu nivel de ingl\u00e9s en cualquier momento Cursos anuales o intensivos con profesores nativos dise\u00f1ados para aquellas personas que quieran mejorar su nivel de ingl\u00e9s. Cada curso tiene un objetivo distinto. Contamos con diferentes formatos de clase para adaptarnos a las diversas situaciones del uso del idioma: Intensive Course Cursos de preparaci\u00f3n de [&hellip;]<\/p>\n","protected":false},"author":1,"featured_media":0,"parent":0,"menu_order":51,"comment_status":"closed","ping_status":"closed","template":"","meta":{"_et_pb_use_builder":"on","_et_pb_old_content":"Ofrecemos grupos de entre 4 y 6 alumnos cuyo objetivo es la pr\u00e1ctica oral del idioma. Las clases se dan en un ambiente agradable en el que acompa\u00f1ados de una taza de t\u00e9 o un vaso de vino, los alumnos practican y mejoran su ingl\u00e9s. El nivel de estos grupos es de intermedio a avanzado.\r\n\r\nGlass of wine and a chat- Mi\u00e9rcoles \u00f3 Jueves 20.10-21.10\r\n\r\nCup of tea and a chat-Jueves 9.30-10.30\r\n\r\n\r\nPara clases particulares de todos niveles, preguntar en recepci\u00f3n.\r\n\r\n\u00bfNo es lo que buscas? Para una academia cercana que ofrece una amplia gama de cursos para adultos, recomendamos <a href=\"http:\/\/www.thefourcorners.es\/\" target=\"otras\">The Four Corners English Language Centre<\/a> y <a href=\"http:\/\/www.inenglishpamplona.com\/\" target=\"otras\">inEnglish Language Centre<\/a>.","_et_gb_content_width":"","footnotes":""},"class_list":["post-216","page","type-page","status-publish","hentry"],"_links":{"self":[{"href":"https:\/\/westend.es\/index.php\/wp-json\/wp\/v2\/pages\/216","targetHints":{"allow":["GET"]}}],"collection":[{"href":"https:\/\/westend.es\/index.php\/wp-json\/wp\/v2\/pages"}],"about":[{"href":"https:\/\/westend.es\/index.php\/wp-json\/wp\/v2\/types\/page"}],"author":[{"embeddable":true,"href":"https:\/\/westend.es\/index.php\/wp-json\/wp\/v2\/users\/1"}],"replies":[{"embeddable":true,"href":"https:\/\/westend.es\/index.php\/wp-json\/wp\/v2\/comments?post=216"}],"version-history":[{"count":57,"href":"https:\/\/westend.es\/index.php\/wp-json\/wp\/v2\/pages\/216\/revisions"}],"predecessor-version":[{"id":5322,"href":"https:\/\/westend.es\/index.php\/wp-json\/wp\/v2\/pages\/216\/revisions\/5322"}],"wp:attachment":[{"href":"https:\/\/westend.es\/index.php\/wp-json\/wp\/v2\/media?parent=216"}],"curies":[{"name":"wp","href":"https:\/\/api.w.org\/{rel}","templated":true}]}}