{"id":2657,"date":"2021-03-08T16:19:14","date_gmt":"2021-03-08T15:19:14","guid":{"rendered":"http:\/\/westend.es\/?page_id=2657"},"modified":"2025-08-22T11:21:42","modified_gmt":"2025-08-22T09:21:42","slug":"clases-particulares","status":"publish","type":"page","link":"https:\/\/westend.es\/index.php\/ninos\/clases-particulares\/","title":{"rendered":"Clases particulares"},"content":{"rendered":"<p>[et_pb_section fb_built=&#8221;1&#8243; fullwidth=&#8221;on&#8221; custom_padding_last_edited=&#8221;on|desktop&#8221; _builder_version=&#8221;4.16&#8243; custom_padding_tablet=&#8221;50px|0|50px|0&#8243; custom_padding_phone=&#8221;&#8221; transparent_background=&#8221;off&#8221; padding_mobile=&#8221;off&#8221; global_colors_info=&#8221;{}&#8221;][et_pb_fullwidth_image src=&#8221;https:\/\/westend.es\/wp-content\/uploads\/2021\/03\/clasesparticulares_ninos.png&#8221; _builder_version=&#8221;4.16&#8243; use_border_color=&#8221;off&#8221; global_colors_info=&#8221;{}&#8221;][\/et_pb_fullwidth_image][\/et_pb_section][et_pb_section fb_built=&#8221;1&#8243; custom_padding_last_edited=&#8221;on|desktop&#8221; admin_label=&#8221;section&#8221; _builder_version=&#8221;4.16&#8243; custom_padding=&#8221;54px|0px|5px|0px&#8221; custom_padding_tablet=&#8221;50px|0|50px|0&#8243; custom_padding_phone=&#8221;&#8221; transparent_background=&#8221;off&#8221; padding_mobile=&#8221;off&#8221; global_colors_info=&#8221;{}&#8221;][et_pb_row padding_mobile=&#8221;off&#8221; column_padding_mobile=&#8221;on&#8221; admin_label=&#8221;row&#8221; _builder_version=&#8221;4.16&#8243; background_size=&#8221;initial&#8221; background_position=&#8221;top_left&#8221; background_repeat=&#8221;repeat&#8221; width=&#8221;70%&#8221; max_width=&#8221;70%&#8221; use_custom_width=&#8221;on&#8221; width_unit=&#8221;off&#8221; custom_width_percent=&#8221;70%&#8221; global_colors_info=&#8221;{}&#8221;][et_pb_column type=&#8221;4_4&#8243; _builder_version=&#8221;4.16&#8243; custom_padding=&#8221;|||&#8221; global_colors_info=&#8221;{}&#8221; custom_padding__hover=&#8221;|||&#8221;][et_pb_text disabled_on=&#8221;on|off|off&#8221; admin_label=&#8221;Texto&#8221; _builder_version=&#8221;4.16&#8243; background_size=&#8221;initial&#8221; background_position=&#8221;top_left&#8221; background_repeat=&#8221;repeat&#8221; use_border_color=&#8221;off&#8221; global_colors_info=&#8221;{}&#8221;]<\/p>\n<h1><strong><span style=\"color: #041791;\">Clases particulares<\/span><\/strong><\/h1>\n<h2>Refuerza y mejora sus resultados acad\u00e9micos<\/h2>\n<p>[\/et_pb_text][et_pb_text disabled_on=&#8221;on|off|off&#8221; admin_label=&#8221;Texto&#8221; _builder_version=&#8221;4.16&#8243; background_size=&#8221;initial&#8221; background_position=&#8221;top_left&#8221; background_repeat=&#8221;repeat&#8221; use_border_color=&#8221;off&#8221; global_colors_info=&#8221;{}&#8221;]<\/p>\n<p class=\"MsoNormal\"><span lang=\"ES-TRAD\"><strong>Junto con la preparaci\u00f3n de los ex\u00e1menes, no olvidamos la importancia de poder comunicar y de llegar a utilizar el idioma de forma c\u00f3moda y natural.<\/strong> Por eso destacamos la importancia de ofrecer <strong>grupos peque\u00f1os con profesores nativos o incluso clases individuales.\u00a0<\/strong><\/span><\/p>\n<p>Ofrecemos<strong> clases particulares <\/strong><strong>para fortalecer sus conocimientos y soltura en el idioma y as\u00ed tener el\u00a0refuerzo y apoyo escolar para <\/strong>poder obtener <strong>mejores resultados acad\u00e9micos en el colegio.<\/strong><\/p>\n<hr \/>\n<p>[\/et_pb_text][et_pb_text disabled_on=&#8221;on|off|off&#8221; admin_label=&#8221;Texto&#8221; _builder_version=&#8221;4.16&#8243; background_size=&#8221;initial&#8221; background_position=&#8221;top_left&#8221; background_repeat=&#8221;repeat&#8221; use_border_color=&#8221;off&#8221; global_colors_info=&#8221;{}&#8221;]<\/p>\n<h3><strong><span style=\"color: #041791;\">Horarios<\/span><\/strong><\/h3>\n<p><strong>Inf\u00f3rmate en recepci\u00f3n o ll\u00e1manos.<\/strong><\/p>\n<h3><strong><span style=\"color: #041791;\">Cuotas<\/span><\/strong><\/h3>\n<p><strong>Cuotas clases particulares:<\/strong><br \/>1 alumno | 35\u20ac\/hora<br \/>2 alumnos | 25\u20ac\/hora<br \/>3 alumnos | 20\u20ac\/hora<\/p>\n<ul>\n<li>Las clases particulares no pagan matr\u00edcula.<\/li>\n<\/ul>\n<p><strong>Precios y Condiciones de las Clases Particulares<\/strong><\/p>\n<p>Para este curso, el pago de las clases particulares se realizar\u00e1 por adelantado mediante la compra de bonos. El precio de la clase particular es de 35 \u20ac\/hora. Disponemos de los siguientes bonos:<\/p>\n<ul>\n<li>Bono de 10 clases de una hora. 350 euros.<\/li>\n<li>Bono de 5 clases de una hora. 175 euros.<\/li>\n<\/ul>\n<p>La academia reserva una hora espec\u00edfica y un profesor para la clase. Las clases se deben tomar en sesiones continuas; no es posible repartirlas a lo largo del curso de manera diferente. Los bonos se pueden renovar una vez finalizados.\u00a0<\/p>\n<p>En caso de que el alumno no pueda asistir a una clase deber\u00e1 avisar al centro como m\u00ednimo con 2 horas de antelaci\u00f3n. Se ofrecer\u00e1 la posibilidad de reprogramarla para otro d\u00eda en la misma semana que se cancela, siempre que se encuentre un horario conveniente tanto para el profesor como para el alumno.<\/p>\n<p>Si ninguno de los horarios propuestos por el profesor es adecuado para el alumno, la clase se considerar\u00e1 perdida.<\/p>\n<p>Como alternativa, se puede optar por extender la duraci\u00f3n de cuatro sesiones en 15 minutos adicionales cada una para recuperar la clase perdida y evitar su p\u00e9rdida.<\/p>\n<h3><a href=\"https:\/\/westend.es\/wp-content\/uploads\/2023\/06\/CALENDARIO-23-24-scaled.jpg\"><span style=\"color: #041791;\"><strong>Calendario<\/strong><\/span><\/a><\/h3>\n<p>Las clases particulares se impartir\u00e1n durante el curso acad\u00e9mico. Este curso 2025-2026 <strong>comenzar\u00e1 el 12 de septiembre y finalizar\u00e1 el 17 de junio.<\/strong><\/p>\n<p>Si deseas m\u00e1s informaci\u00f3n consulta en recepci\u00f3n o ll\u00e1manos.<\/p>\n<p>[\/et_pb_text][\/et_pb_column][\/et_pb_row][et_pb_row padding_mobile=&#8221;off&#8221; column_padding_mobile=&#8221;on&#8221; admin_label=&#8221;Fila&#8221; _builder_version=&#8221;4.16&#8243; background_size=&#8221;initial&#8221; background_position=&#8221;top_left&#8221; background_repeat=&#8221;repeat&#8221; global_colors_info=&#8221;{}&#8221;][et_pb_column type=&#8221;4_4&#8243; _builder_version=&#8221;4.16&#8243; custom_padding=&#8221;|||&#8221; global_colors_info=&#8221;{}&#8221; custom_padding__hover=&#8221;|||&#8221;][et_pb_button button_url=&#8221;https:\/\/westend.es\/wp-content\/uploads\/2025\/04\/triptico-24-25-web-email.jpg&#8221; url_new_window=&#8221;on&#8221; button_text=&#8221;VER TODOS LOS HORARIOS Y PRECIOS&#8221; button_alignment=&#8221;center&#8221; admin_label=&#8221;Bot\u00f3n&#8221; _builder_version=&#8221;4.27.0&#8243; background_layout=&#8221;dark&#8221; hover_enabled=&#8221;0&#8243; global_colors_info=&#8221;{}&#8221; button_text_size__hover_enabled=&#8221;off&#8221; button_one_text_size__hover_enabled=&#8221;off&#8221; button_two_text_size__hover_enabled=&#8221;off&#8221; button_text_color__hover_enabled=&#8221;off&#8221; button_one_text_color__hover_enabled=&#8221;off&#8221; button_two_text_color__hover_enabled=&#8221;off&#8221; button_border_width__hover_enabled=&#8221;off&#8221; button_one_border_width__hover_enabled=&#8221;off&#8221; button_two_border_width__hover_enabled=&#8221;off&#8221; button_border_color__hover_enabled=&#8221;off&#8221; button_one_border_color__hover_enabled=&#8221;off&#8221; button_two_border_color__hover_enabled=&#8221;off&#8221; button_border_radius__hover_enabled=&#8221;off&#8221; button_one_border_radius__hover_enabled=&#8221;off&#8221; button_two_border_radius__hover_enabled=&#8221;off&#8221; button_letter_spacing__hover_enabled=&#8221;off&#8221; button_one_letter_spacing__hover_enabled=&#8221;off&#8221; button_two_letter_spacing__hover_enabled=&#8221;off&#8221; button_bg_color__hover_enabled=&#8221;off&#8221; button_one_bg_color__hover_enabled=&#8221;off&#8221; button_two_bg_color__hover_enabled=&#8221;off&#8221; sticky_enabled=&#8221;0&#8243;][\/et_pb_button][\/et_pb_column][\/et_pb_row][\/et_pb_section]<\/p>\n","protected":false},"excerpt":{"rendered":"<p>Clases particulares Refuerza y mejora sus resultados acad\u00e9micos Junto con la preparaci\u00f3n de los ex\u00e1menes, no olvidamos la importancia de poder comunicar y de llegar a utilizar el idioma de forma c\u00f3moda y natural. Por eso destacamos la importancia de ofrecer grupos peque\u00f1os con profesores nativos o incluso clases individuales.\u00a0 Ofrecemos clases particulares para fortalecer [&hellip;]<\/p>\n","protected":false},"author":2,"featured_media":0,"parent":2577,"menu_order":47,"comment_status":"closed","ping_status":"closed","template":"","meta":{"_et_pb_use_builder":"on","_et_pb_old_content":"","_et_gb_content_width":"","footnotes":""},"class_list":["post-2657","page","type-page","status-publish","hentry"],"_links":{"self":[{"href":"https:\/\/westend.es\/index.php\/wp-json\/wp\/v2\/pages\/2657","targetHints":{"allow":["GET"]}}],"collection":[{"href":"https:\/\/westend.es\/index.php\/wp-json\/wp\/v2\/pages"}],"about":[{"href":"https:\/\/westend.es\/index.php\/wp-json\/wp\/v2\/types\/page"}],"author":[{"embeddable":true,"href":"https:\/\/westend.es\/index.php\/wp-json\/wp\/v2\/users\/2"}],"replies":[{"embeddable":true,"href":"https:\/\/westend.es\/index.php\/wp-json\/wp\/v2\/comments?post=2657"}],"version-history":[{"count":18,"href":"https:\/\/westend.es\/index.php\/wp-json\/wp\/v2\/pages\/2657\/revisions"}],"predecessor-version":[{"id":5309,"href":"https:\/\/westend.es\/index.php\/wp-json\/wp\/v2\/pages\/2657\/revisions\/5309"}],"up":[{"embeddable":true,"href":"https:\/\/westend.es\/index.php\/wp-json\/wp\/v2\/pages\/2577"}],"wp:attachment":[{"href":"https:\/\/westend.es\/index.php\/wp-json\/wp\/v2\/media?parent=2657"}],"curies":[{"name":"wp","href":"https:\/\/api.w.org\/{rel}","templated":true}]}}