{"id":4017,"date":"2023-09-11T19:32:35","date_gmt":"2023-09-11T17:32:35","guid":{"rendered":"https:\/\/westend.es\/?page_id=4017"},"modified":"2025-08-22T12:06:35","modified_gmt":"2025-08-22T10:06:35","slug":"universitarios","status":"publish","type":"page","link":"https:\/\/westend.es\/index.php\/adultos\/universitarios\/","title":{"rendered":"Universitarios"},"content":{"rendered":"[et_pb_section fb_built=&#8221;1&#8243; admin_label=&#8221;section&#8221; _builder_version=&#8221;4.16&#8243; global_colors_info=&#8221;{}&#8221;][et_pb_row admin_label=&#8221;row&#8221; _builder_version=&#8221;4.16&#8243; background_size=&#8221;initial&#8221; background_position=&#8221;top_left&#8221; background_repeat=&#8221;repeat&#8221; global_colors_info=&#8221;{}&#8221;][et_pb_column type=&#8221;4_4&#8243; _builder_version=&#8221;4.16&#8243; custom_padding=&#8221;|||&#8221; global_colors_info=&#8221;{}&#8221; custom_padding__hover=&#8221;|||&#8221;][et_pb_text admin_label=&#8221;Text&#8221; _builder_version=&#8221;4.27.0&#8243; background_size=&#8221;initial&#8221; background_position=&#8221;top_left&#8221; background_repeat=&#8221;repeat&#8221; global_colors_info=&#8221;{}&#8221;]<p><\/p>\n<p><\/p>\n<p><\/p>\n<p><\/p>\n<p><strong>Universitarios <\/strong><\/p>\n<p>&nbsp;<\/p>\n<p>Para aquellos alumnos que est\u00e9n en la universidad contamos con clases enfocadas en los niveles FCE\/B2 y CAE\/C1 . Estos cursos se impartir\u00e1n exclusivamente en nuestro nuevo centro de Soto de Lezkairu (Calle Isabel Garbayo Ayala 43, bajo).<\/p>\n<p><\/p>\n<p><\/p>\n<p>Ser\u00e1n clases de grupos reducidos y con profesorado nativo, donde podr\u00e1n beneficiarse de tener un aprendizaje personalizado y adaptado a la necesidad de cada alumno.<\/p>\n<p><\/p>\n<p><\/p>\n<p>Disponemos de varios tipos de clases:<\/p>\n<p><\/p>\n<p><\/p>\n<p>\u2013<strong>Cursos de preparaci\u00f3n de los ex\u00e1menes oficiales de Cambridge para FCE (B2) y CAE (C1) semanales<\/strong>.<\/p>\n<p><\/p>\n<p><\/p>\n<p>\u2013<strong>Cursos intensivos de preparaci\u00f3n de los ex\u00e1menes oficiales de Cambridge para FCE (B2) y CAE (C1) los s\u00e1bados por la ma\u00f1ana.<\/strong><\/p>\n<p><\/p>\n<p><\/p>\n<p>\u2013<strong>Clases de conversaci\u00f3n, apoyo a las clases de la universidad, clases a medida y mucho m\u00e1s.<\/strong><\/p>\n<p><\/p>\n<p><\/p>\n<p><\/p>\n<p>Consultar precios y m\u00e1s informaci\u00f3n en recepci\u00f3n.<\/p>\n<p><\/p>\n<p><\/p>\n<p><\/p>[\/et_pb_text][\/et_pb_column][\/et_pb_row][\/et_pb_section][et_pb_section fb_built=&#8221;1&#8243; _builder_version=&#8221;4.27.0&#8243; _module_preset=&#8221;default&#8221; global_colors_info=&#8221;{}&#8221;][\/et_pb_section]","protected":false},"excerpt":{"rendered":"<p>Universitarios &nbsp; Para aquellos alumnos que est\u00e9n en la universidad contamos con clases enfocadas en los niveles FCE\/B2 y CAE\/C1 . Estos cursos se impartir\u00e1n exclusivamente en nuestro nuevo centro de Soto de Lezkairu (Calle Isabel Garbayo Ayala 43, bajo). Ser\u00e1n clases de grupos reducidos y con profesorado nativo, donde podr\u00e1n beneficiarse de tener un [&hellip;]<\/p>\n","protected":false},"author":2,"featured_media":0,"parent":216,"menu_order":2,"comment_status":"closed","ping_status":"closed","template":"","meta":{"_et_pb_use_builder":"on","_et_pb_old_content":"<!-- wp:image {\"id\":4022,\"sizeSlug\":\"large\",\"linkDestination\":\"media\"} -->\n<figure class=\"wp-block-image size-large\"><a href=\"https:\/\/westend.es\/wp-content\/uploads\/2023\/09\/UNIVERSITARIOS-WEB-3-scaled.jpg\"><img src=\"https:\/\/westend.es\/wp-content\/uploads\/2023\/09\/UNIVERSITARIOS-WEB-3-1024x635.jpg\" alt=\"\" class=\"wp-image-4022\"\/><\/a><\/figure>\n<!-- \/wp:image -->\n\n<!-- wp:paragraph -->\n<p><\/p>\n<!-- \/wp:paragraph -->\n\n<!-- wp:paragraph -->\n<p>Para aquellos alumnos que est\u00e9n en la universidad contamos con clases enfocadas en los niveles FCE\/B2 y CAE\/C1 . Estos cursos se impartir\u00e1n exclusivamente en nuestro nuevo centro de Soto de Lezkairu (Calle Isabel Garbayo Ayala 43, bajo).<\/p>\n<!-- \/wp:paragraph -->\n\n<!-- wp:paragraph -->\n<p>Ser\u00e1n clases de grupos reducidos y con profesorado nativo, donde podr\u00e1n beneficiarse de tener un aprendizaje personalizado y adaptado a la necesidad de cada alumno.<\/p>\n<!-- \/wp:paragraph -->\n\n<!-- wp:paragraph -->\n<p>Disponemos de tres tipos de clases:<\/p>\n<!-- \/wp:paragraph -->\n\n<!-- wp:paragraph -->\n<p>\u2013<strong>Cursos de preparaci\u00f3n de los ex\u00e1menes oficiales de Cambridge para FCE (B2) y CAE (C1) los s\u00e1bados por la ma\u00f1ana.<\/strong><br>\u2013<strong>Preparaci\u00f3n del&nbsp;<em>Speaking&nbsp;<\/em>de Cambridge para FCE y CAE<\/strong>.<br>\u2013<strong>Coffee &amp; a chat<\/strong>: clases de conversaci\u00f3n con una taza de caf\u00e9\/t\u00e9.<\/p>\n<!-- \/wp:paragraph -->\n\n<!-- wp:paragraph -->\n<p><strong>Los horarios para estos grupos ser\u00e1n los siguientes:<\/strong><\/p>\n<!-- \/wp:paragraph -->\n\n<!-- wp:paragraph -->\n<p><strong>Martes:<\/strong><\/p>\n<!-- \/wp:paragraph -->\n\n<!-- wp:paragraph -->\n<p>13.30-14.30 Coffee and a chat ( conversaci\u00f3n general por nivel)<\/p>\n<!-- \/wp:paragraph -->\n\n<!-- wp:paragraph -->\n<p>13.30-14.30 Speaking FCE<\/p>\n<!-- \/wp:paragraph -->\n\n<!-- wp:paragraph -->\n<p>13.15 - 14.30 Preparaci\u00f3n FCE<\/p>\n<!-- \/wp:paragraph -->\n\n<!-- wp:paragraph -->\n<p>-------------------------------------&nbsp;<\/p>\n<!-- \/wp:paragraph -->\n\n<!-- wp:paragraph -->\n<p>20-21 Coffee and a chat<\/p>\n<!-- \/wp:paragraph -->\n\n<!-- wp:paragraph -->\n<p>20-21 Speaking FCE<\/p>\n<!-- \/wp:paragraph -->\n\n<!-- wp:paragraph -->\n<p>20-21.15 Preparaci\u00f3n FCE<\/p>\n<!-- \/wp:paragraph -->\n\n<!-- wp:paragraph -->\n<p><strong>Mi\u00e9rcoles\/jueves<\/strong>:<\/p>\n<!-- \/wp:paragraph -->\n\n<!-- wp:paragraph -->\n<p>13.30-14.30 Coffee and a chat<\/p>\n<!-- \/wp:paragraph -->\n\n<!-- wp:paragraph -->\n<p>13.30-14.30 Speaking CAE<\/p>\n<!-- \/wp:paragraph -->\n\n<!-- wp:paragraph -->\n<p>13.15 - 14.30 Preparaci\u00f3n CAE<\/p>\n<!-- \/wp:paragraph -->\n\n<!-- wp:paragraph -->\n<p>-------------------------<\/p>\n<!-- \/wp:paragraph -->\n\n<!-- wp:paragraph -->\n<p>20-21 Coffee and a chat<\/p>\n<!-- \/wp:paragraph -->\n\n<!-- wp:paragraph -->\n<p>20-21 Speaking CAE<\/p>\n<!-- \/wp:paragraph -->\n\n<!-- wp:paragraph -->\n<p>20-21.15 Preparaci\u00f3n CAE<\/p>\n<!-- \/wp:paragraph -->\n\n<!-- wp:paragraph -->\n<p><strong>Clases trimestrales<\/strong>.<\/p>\n<!-- \/wp:paragraph -->\n\n<!-- wp:paragraph -->\n<p><strong>Primer trimestre: de octubre a diciembre <\/strong>(Del 3\/10 al 20\/12)<\/p>\n<!-- \/wp:paragraph -->\n\n<!-- wp:paragraph -->\n<p><strong>Segundo trimestre: de enero a marzo&nbsp;<\/strong> (Del 09\/01 al 27\/03)&nbsp;<\/p>\n<!-- \/wp:paragraph -->\n\n<!-- wp:paragraph -->\n<p><strong>Tercer trimestre: de abril a junio. <\/strong>(Del 9\/04 al 12\/06)<\/p>\n<!-- \/wp:paragraph -->\n\n<!-- wp:paragraph -->\n<p>Todas estas clases tendr\u00e1n un 10% de descuento para estudiantes universitarios.<\/p>\n<!-- \/wp:paragraph -->\n\n<!-- wp:paragraph -->\n<p>Consultar precios y m\u00e1s informaci\u00f3n en recepci\u00f3n.<\/p>\n<!-- \/wp:paragraph -->\n\n<!-- wp:paragraph -->\n<p><\/p>\n<!-- \/wp:paragraph -->","_et_gb_content_width":"","footnotes":""},"class_list":["post-4017","page","type-page","status-publish","hentry"],"_links":{"self":[{"href":"https:\/\/westend.es\/index.php\/wp-json\/wp\/v2\/pages\/4017","targetHints":{"allow":["GET"]}}],"collection":[{"href":"https:\/\/westend.es\/index.php\/wp-json\/wp\/v2\/pages"}],"about":[{"href":"https:\/\/westend.es\/index.php\/wp-json\/wp\/v2\/types\/page"}],"author":[{"embeddable":true,"href":"https:\/\/westend.es\/index.php\/wp-json\/wp\/v2\/users\/2"}],"replies":[{"embeddable":true,"href":"https:\/\/westend.es\/index.php\/wp-json\/wp\/v2\/comments?post=4017"}],"version-history":[{"count":21,"href":"https:\/\/westend.es\/index.php\/wp-json\/wp\/v2\/pages\/4017\/revisions"}],"predecessor-version":[{"id":5325,"href":"https:\/\/westend.es\/index.php\/wp-json\/wp\/v2\/pages\/4017\/revisions\/5325"}],"up":[{"embeddable":true,"href":"https:\/\/westend.es\/index.php\/wp-json\/wp\/v2\/pages\/216"}],"wp:attachment":[{"href":"https:\/\/westend.es\/index.php\/wp-json\/wp\/v2\/media?parent=4017"}],"curies":[{"name":"wp","href":"https:\/\/api.w.org\/{rel}","templated":true}]}}