{"id":5525,"date":"2025-11-27T16:30:17","date_gmt":"2025-11-27T15:30:17","guid":{"rendered":"https:\/\/westend.es\/?page_id=5525"},"modified":"2025-11-27T16:30:17","modified_gmt":"2025-11-27T15:30:17","slug":"shahana","status":"publish","type":"page","link":"https:\/\/westend.es\/index.php\/nosotros-2\/equipo\/profesorado\/shahana\/","title":{"rendered":"Shahana"},"content":{"rendered":"[et_pb_section fb_built=&#8221;1&#8243; _builder_version=&#8221;4.16&#8243; global_colors_info=&#8221;{}&#8221;][et_pb_row _builder_version=&#8221;4.16&#8243; background_size=&#8221;initial&#8221; background_position=&#8221;top_left&#8221; background_repeat=&#8221;repeat&#8221; custom_margin=&#8221;|auto||-7px||&#8221; global_colors_info=&#8221;{}&#8221;][et_pb_column type=&#8221;4_4&#8243; _builder_version=&#8221;4.16&#8243; custom_padding=&#8221;|||&#8221; global_colors_info=&#8221;{}&#8221; custom_padding__hover=&#8221;|||&#8221;][et_pb_text _builder_version=&#8221;4.27.0&#8243; background_size=&#8221;initial&#8221; background_position=&#8221;top_left&#8221; background_repeat=&#8221;repeat&#8221; hover_enabled=&#8221;0&#8243; global_colors_info=&#8221;{}&#8221; sticky_enabled=&#8221;0&#8243;]<p><img loading=\"lazy\" decoding=\"async\" src=\"https:\/\/westend.es\/wp-content\/uploads\/2025\/09\/IMG-20250908-WA0020-225x300.jpg\" width=\"225\" height=\"300\" alt=\"\" class=\"wp-image-5386 alignnone size-medium\" \/><\/p>\n<figure class=\"wp-block-image size-large is-resized\">\n<h4 class=\"et_pb_module_header\"><strong>Shahana<\/strong><\/h4>\n<blockquote>\n<p>Phd in International Relations<\/p>\n<p>Specialization is on Japan&#8217;s pacifism and Foreign Policy<\/p>\n<p>2 years experience teaching<\/p>\n<\/blockquote>\n<h4 class=\"has-black-color has-text-color\" style=\"text-transform: uppercase;\"><\/h4>\n<p><strong><\/strong><\/p>\n<p><strong>1. Where are you from?<\/strong><\/p>\n<p>I am from Kerala, India. Kerala is a lush green tropical paradise;\u00a0it is so beautiful that we call it God&#8217;s Own Country.<\/p>\n<p><strong style=\"font-size: 17px;\"> 2. What do you miss most about your home?<\/strong><\/p>\n<p>I miss the food, especially the street food, impossible to get anywhere else in the world.<\/p>\n<p><strong style=\"font-size: 17px;\">3. Do you have any hobbies?<\/strong><strong><\/strong><\/p>\n<\/figure>\n<p>I love watching my favorite movies over and over again.\u00a0I also love visiting museums.<\/p>\n<p><strong>4. What&#8217;s your favourite spanish food?<\/strong><\/p>\n<p>My favorite Spanish food is gazpacho and fritos de pimiento.\u00a0<\/p>\n<p><strong><\/strong><\/p>\n<p><strong>5. What was your favourite book?<\/strong><\/p>\n<p>My favorite book is The God of Small Things by Arundhati Roy. It&#8217;s really sad and intense, but it&#8217;s very real and beautifully written.<\/p>\n<p><strong>6. What was your favourite film when you were a kid?<\/strong><\/p>\n<p>My favorite film was Harry Potter.<\/p>\n<p><strong>7. What is your favourite TV programme when you were a kid?<\/strong><\/p>\n<p>My favorite TV programmes were Shin Chan and Lizzie McGuire.<\/p>\n<p><strong>\u00a0<\/strong><\/p>\n<p><strong>\u00a0<\/strong><\/p>\n<p>&nbsp;<\/p>\n<p><strong><!-- \/divi:image --><\/strong><\/p>\n<p><strong>\u00a0<\/strong><\/p>\n<p><strong>\u00a0<\/strong><\/p>\n<p><strong>\u00a0<\/strong><\/p>\n<p><strong>\u00a0<\/strong><\/p>\n<p><strong>\u00a0<\/strong><\/p>\n<p><strong>\u00a0<\/strong><\/p>\n<p><strong>\u00a0<\/strong><\/p>\n<p>&nbsp;<\/p>\n<p><strong><!-- divi:paragraph --><\/strong><\/p>\n<p><strong>\u00a0<\/strong><\/p>\n<p><strong>\u00a0<\/strong><\/p>\n<p><strong>\u00a0<\/strong><\/p>\n<p><strong>\u00a0<\/strong><\/p>\n<p><strong>\u00a0<\/strong><\/p>\n<p><strong>\u00a0<\/strong><\/p>\n<p><strong>\u00a0<\/strong><\/p>\n<p><strong>\u00a0<\/strong><\/p>\n<p>&nbsp;<\/p>\n<p><strong><!-- \/divi:paragraph --><\/strong><\/p>\n<p><strong>\u00a0<\/strong><\/p>\n<p><strong><span style=\"font-size: 17px;\">\u00a0<\/span><\/strong><\/p>\n<p><strong>\u00a0<\/strong><\/p>\n<p><strong>\u00a0<\/strong><\/p>\n<p><strong>\u00a0<\/strong><\/p>\n<p><strong>\u00a0<\/strong><\/p>\n<p><strong>\u00a0<\/strong><\/p>\n<p><strong>\u00a0<\/strong><\/p>\n<p>&nbsp;<\/p>\n<p><strong><!-- \/divi:list --><\/strong><\/p>[\/et_pb_text][et_pb_text admin_label=&#8221;Text&#8221; _builder_version=&#8221;4.16&#8243; background_size=&#8221;initial&#8221; background_position=&#8221;top_left&#8221; background_repeat=&#8221;repeat&#8221; locked=&#8221;off&#8221; global_colors_info=&#8221;{}&#8221;]<p><\/p>\n<figure class=\"wp-block-image size-large\"><a href=\"https:\/\/westend.es\/wp-content\/uploads\/2023\/09\/UNIVERSITARIOS-WEB-3-scaled.jpg\" data-featherlight=\"image\"><img loading=\"lazy\" decoding=\"async\" width=\"1024\" height=\"635\" src=\"https:\/\/westend.es\/wp-content\/uploads\/2023\/09\/UNIVERSITARIOS-WEB-3-1024x635.jpg\" alt=\"\" class=\"wp-image-4022\" srcset=\"https:\/\/westend.es\/wp-content\/uploads\/2023\/09\/UNIVERSITARIOS-WEB-3-980x607.jpg 980w, https:\/\/westend.es\/wp-content\/uploads\/2023\/09\/UNIVERSITARIOS-WEB-3-480x297.jpg 480w\" sizes=\"auto, (min-width: 0px) and (max-width: 480px) 480px, (min-width: 481px) and (max-width: 980px) 980px, (min-width: 981px) 1024px, 100vw\" \/><\/a><\/figure>\n<p><\/p>\n<p><\/p>\n<p><\/p>\n<p><\/p>\n<p>Para aquellos alumnos que est\u00e9n en la universidad contamos con clases enfocadas en los niveles FCE\/B2 y CAE\/C1 . Estos cursos se impartir\u00e1n exclusivamente en nuestro nuevo centro de Soto de Lezkairu (Calle Isabel Garbayo Ayala 43, bajo).<\/p>\n<p><\/p>\n<p><\/p>\n<p>Ser\u00e1n clases de grupos reducidos y con profesorado nativo, donde podr\u00e1n beneficiarse de tener un aprendizaje personalizado y adaptado a la necesidad de cada alumno.<\/p>\n<p><\/p>\n<p><\/p>\n<p>Disponemos de tres tipos de clases:<\/p>\n<p><\/p>\n<p><\/p>\n<p>\u2013<strong>Cursos de preparaci\u00f3n de los ex\u00e1menes oficiales de Cambridge para FCE (B2) y CAE (C1) semanales<\/strong>.<\/p>\n<p><\/p>\n<p><\/p>\n<p>\u2013<strong>Cursos intensivos de preparaci\u00f3n de los ex\u00e1menes oficiales de Cambridge para FCE (B2) y CAE (C1) los s\u00e1bados por la ma\u00f1ana.<\/strong><\/p>\n<p><\/p>\n<p><\/p>\n<p>\u2013Clases de conversaci\u00f3n, apoyo a las clase de la universidad, clases a medida.<\/p>\n<p><!-- \/wp:post-content --><\/p>\n<p><!-- wp:paragraph --><\/p>\n<p><!-- \/wp:paragraph --><\/p>\n<p><!-- wp:paragraph --><\/p>\n<p><!-- wp:paragraph --><\/p>\n<p><a href=\"https:\/\/westend.es\/wp-content\/uploads\/2023\/10\/Nuevo-poster-universitarios-002.jpeg\" data-featherlight=\"image\">Consultar precios y m\u00e1s informaci\u00f3n en recepci\u00f3n.<\/a><\/p>\n<p><!-- \/wp:paragraph --><\/p>\n<p><!-- wp:paragraph --><\/p>\n<p><!-- \/wp:paragraph --><\/p>[\/et_pb_text][\/et_pb_column][\/et_pb_row][\/et_pb_section]","protected":false},"excerpt":{"rendered":"<p>Shahana Phd in International Relations Specialization is on Japan&#8217;s pacifism and Foreign Policy 2 years experience teaching 1. Where are you from? I am from Kerala, India. Kerala is a lush green tropical paradise;\u00a0it is so beautiful that we call it God&#8217;s Own Country. 2. What do you miss most about your home? I miss [&hellip;]<\/p>\n","protected":false},"author":2,"featured_media":0,"parent":93,"menu_order":0,"comment_status":"closed","ping_status":"closed","template":"","meta":{"_et_pb_use_builder":"on","_et_pb_old_content":"<!-- wp:image {\"id\":4048,\"width\":\"207px\",\"height\":\"207px\",\"sizeSlug\":\"large\",\"linkDestination\":\"media\"} -->\n<figure class=\"wp-block-image size-large is-resized\"><a href=\"https:\/\/westend.es\/wp-content\/uploads\/2023\/09\/5563-1-scaled.jpg\"><img src=\"https:\/\/westend.es\/wp-content\/uploads\/2023\/09\/5563-1-1024x1024.jpg\" alt=\"\" class=\"wp-image-4048\" style=\"width:207px;height:207px\"\/><\/a><figcaption class=\"wp-element-caption\"> <\/figcaption><\/figure>\n<!-- \/wp:image -->\n\n<!-- wp:paragraph -->\n<p>BSc. (Hons,) Experimental Psychology. PGCEI&nbsp; University of Nottingham.<br>CELTA qualified.<br>11 years experiece teaching English<\/p>\n<!-- \/wp:paragraph -->\n\n<!-- wp:list {\"ordered\":true,\"type\":\"1\",\"start\":1} -->\n<ol start=\"1\" style=\"list-style-type:1\" class=\"wp-block-list\"><!-- wp:list-item -->\n<li>Where are you from?<\/li>\n<!-- \/wp:list-item -->\n\n<!-- wp:list-item -->\n<li>What do you miss most about your home?&nbsp;<\/li>\n<!-- \/wp:list-item -->\n\n<!-- wp:list-item -->\n<li>Do you have any hobbies?<\/li>\n<!-- \/wp:list-item -->\n\n<!-- wp:list-item -->\n<li>What\u2019s your favourite Spanish food?<\/li>\n<!-- \/wp:list-item -->\n\n<!-- wp:list-item -->\n<li>What do you like about living in Pamplona?<\/li>\n<!-- \/wp:list-item -->\n\n<!-- wp:list-item -->\n<li>What do you like doing in your free time?<\/li>\n<!-- \/wp:list-item -->\n\n<!-- wp:list-item -->\n<li>What\u2019s your favourite music?<\/li>\n<!-- \/wp:list-item -->\n\n<!-- wp:list-item -->\n<li>What\u2019s your favourite book?&nbsp;<\/li>\n<!-- \/wp:list-item -->\n\n<!-- wp:list-item -->\n<li>What was your favourite game when you were a kid?&nbsp;<\/li>\n<!-- \/wp:list-item -->\n\n<!-- wp:list-item -->\n<li>What was your favourite film when you were a kid?<\/li>\n<!-- \/wp:list-item -->\n\n<!-- wp:list-item -->\n<li>What was your favourite TV programme when you were a kid?<\/li>\n<!-- \/wp:list-item -->\n\n<!-- wp:list-item -->\n<li>What\u2019s your favourite English word?<\/li>\n<!-- \/wp:list-item -->\n\n<!-- wp:list-item -->\n<li>What\u2019s your favourite quote?<\/li>\n<!-- \/wp:list-item -->\n\n<!-- wp:list-item -->\n<li>What sports do you like?<\/li>\n<!-- \/wp:list-item -->\n\n<!-- wp:list-item -->\n<li>What is your favourite football team? Why?<\/li>\n<!-- \/wp:list-item --><\/ol>\n<!-- \/wp:list -->","_et_gb_content_width":"","footnotes":""},"class_list":["post-5525","page","type-page","status-publish","hentry"],"_links":{"self":[{"href":"https:\/\/westend.es\/index.php\/wp-json\/wp\/v2\/pages\/5525","targetHints":{"allow":["GET"]}}],"collection":[{"href":"https:\/\/westend.es\/index.php\/wp-json\/wp\/v2\/pages"}],"about":[{"href":"https:\/\/westend.es\/index.php\/wp-json\/wp\/v2\/types\/page"}],"author":[{"embeddable":true,"href":"https:\/\/westend.es\/index.php\/wp-json\/wp\/v2\/users\/2"}],"replies":[{"embeddable":true,"href":"https:\/\/westend.es\/index.php\/wp-json\/wp\/v2\/comments?post=5525"}],"version-history":[{"count":2,"href":"https:\/\/westend.es\/index.php\/wp-json\/wp\/v2\/pages\/5525\/revisions"}],"predecessor-version":[{"id":5528,"href":"https:\/\/westend.es\/index.php\/wp-json\/wp\/v2\/pages\/5525\/revisions\/5528"}],"up":[{"embeddable":true,"href":"https:\/\/westend.es\/index.php\/wp-json\/wp\/v2\/pages\/93"}],"wp:attachment":[{"href":"https:\/\/westend.es\/index.php\/wp-json\/wp\/v2\/media?parent=5525"}],"curies":[{"name":"wp","href":"https:\/\/api.w.org\/{rel}","templated":true}]}}