{"id":577,"date":"2016-10-19T12:35:38","date_gmt":"2016-10-19T10:35:38","guid":{"rendered":"http:\/\/westend.es\/new\/?page_id=577"},"modified":"2021-03-16T17:53:34","modified_gmt":"2021-03-16T16:53:34","slug":"english-football-camp","status":"publish","type":"page","link":"https:\/\/westend.es\/index.php\/vacaciones\/english-football-camp\/","title":{"rendered":"English Football Camp"},"content":{"rendered":"<p>[et_pb_section bb_built=&#8221;1&#8243; transparent_background=&#8221;off&#8221; allow_player_pause=&#8221;off&#8221; inner_shadow=&#8221;off&#8221; parallax=&#8221;off&#8221; parallax_method=&#8221;on&#8221; padding_mobile=&#8221;off&#8221; make_fullwidth=&#8221;off&#8221; use_custom_width=&#8221;off&#8221; width_unit=&#8221;off&#8221; custom_width_px=&#8221;1080px&#8221; custom_width_percent=&#8221;80%&#8221; make_equal=&#8221;off&#8221; use_custom_gutter=&#8221;off&#8221; fullwidth=&#8221;on&#8221; specialty=&#8221;off&#8221; disabled=&#8221;off&#8221; custom_padding_tablet=&#8221;50px|0|50px|0&#8243; custom_padding_last_edited=&#8221;on|desktop&#8221; prev_background_color=&#8221;#000000&#8243; next_background_color=&#8221;#ffffff&#8221;][et_pb_fullwidth_image src=&#8221;https:\/\/westend.es\/wp-content\/uploads\/2016\/10\/Football-camp-photo-e1478543726343.jpg&#8221; show_in_lightbox=&#8221;off&#8221; url_new_window=&#8221;off&#8221; use_overlay=&#8221;off&#8221; animation=&#8221;left&#8221; use_border_color=&#8221;off&#8221; border_color=&#8221;#ffffff&#8221; border_style=&#8221;solid&#8221; disabled=&#8221;off&#8221; animation_style=&#8221;slide&#8221; animation_duration=&#8221;500ms&#8221; animation_intensity_slide=&#8221;10%&#8221; animation_direction=&#8221;left&#8221; _builder_version=&#8221;3.0.105&#8243;] [\/et_pb_fullwidth_image][\/et_pb_section][et_pb_section bb_built=&#8221;1&#8243; admin_label=&#8221;section&#8221; transparent_background=&#8221;off&#8221; allow_player_pause=&#8221;off&#8221; inner_shadow=&#8221;off&#8221; parallax=&#8221;off&#8221; parallax_method=&#8221;on&#8221; padding_mobile=&#8221;off&#8221; make_fullwidth=&#8221;off&#8221; use_custom_width=&#8221;off&#8221; width_unit=&#8221;off&#8221; custom_width_px=&#8221;1080px&#8221; custom_width_percent=&#8221;80%&#8221; make_equal=&#8221;off&#8221; use_custom_gutter=&#8221;off&#8221; fullwidth=&#8221;off&#8221; specialty=&#8221;off&#8221; disabled=&#8221;off&#8221; custom_padding_tablet=&#8221;50px|0|50px|0&#8243; custom_padding_last_edited=&#8221;on|desktop&#8221; prev_background_color=&#8221;#ffffff&#8221; next_background_color=&#8221;#000000&#8243;][et_pb_row admin_label=&#8221;row&#8221; use_custom_width=&#8221;on&#8221; width_unit=&#8221;off&#8221; custom_width_percent=&#8221;70%&#8221; padding_mobile=&#8221;off&#8221; column_padding_mobile=&#8221;on&#8221; parallax_2=&#8221;off&#8221; parallax_method_2=&#8221;on&#8221; parallax_3=&#8221;off&#8221; parallax_method_3=&#8221;on&#8221; parallax_4=&#8221;off&#8221; parallax_method_4=&#8221;on&#8221; disabled=&#8221;off&#8221; background_position=&#8221;top_left&#8221; background_repeat=&#8221;repeat&#8221; background_size=&#8221;initial&#8221; _builder_version=&#8221;3.0.105&#8243;][et_pb_column type=&#8221;4_4&#8243;][et_pb_text background_layout=&#8221;light&#8221; use_border_color=&#8221;off&#8221; disabled=&#8221;off&#8221; background_position=&#8221;top_left&#8221; background_repeat=&#8221;repeat&#8221; background_size=&#8221;initial&#8221; _builder_version=&#8221;3.0.105&#8243;]<\/p>\n<h1><strong><span style=\"color: #041791;\">English Football Camp<\/span><\/strong><\/h1>\n<h2>F\u00fatbol e ingl\u00e9s, un equipo ganador<\/h2>\n<p>[\/et_pb_text][et_pb_text background_layout=&#8221;light&#8221; use_border_color=&#8221;off&#8221; disabled=&#8221;off&#8221; background_position=&#8221;top_left&#8221; background_repeat=&#8221;repeat&#8221; background_size=&#8221;initial&#8221; _builder_version=&#8221;3.0.105&#8243;]<\/p>\n<p><strong>\u00bfQu\u00e9 mejor forma de aprender ingl\u00e9s que combinarlo\u00a0con el deporte que m\u00e1s te gusta?<\/strong><\/p>\n<p><strong>\u00a1Hemos creado un curso donde aprovechamos la motivaci\u00f3n que tienen los ni\u00f1os y ni\u00f1as por el f\u00fatbol para sumergirles totalmente en el ingl\u00e9s! \u00a1Y todo esto con profesores nativos y experimentados que comparten la pasi\u00f3n por este deporte!<\/strong><\/p>\n<p>El tema del f\u00fatbol presenta un sin fin de oportunidades para aprender nuevo vocabulario, verbos, y puntos gramaticales, y hemos creado un curso a partir de nuestra larga experiencia para lograr justamente eso.<\/p>\n<p>Las<strong> jornadas de este campamento se dividen en dos partes<\/strong>, la <strong>primera<\/strong> consiste en <strong>clases que se imparten en la academia<\/strong> donde el tema\u00a0siempre ser\u00e1 el f\u00fatbol. La <strong>segunda<\/strong> parte y durante una hora el grupo se desplazar\u00e1 al centro deportivo Jos\u00e9 M\u00aa Iribarren donde har\u00e1n j<strong>uegos de entrenamiento y partidos.<\/strong> \u00a1OJO! Cualquier palabra que no sea en ingl\u00e9s recibir\u00e1n una tarjeta amarilla!<\/p>\n<p><strong>\u00a1Gracias a los excelentes resultados de este campamento, se ha convertido en uno de nuestros campamentos m\u00e1s populares!<\/strong><\/p>\n<p>Estamos seguros de que los ni\u00f1os disfrutar\u00e1n de esta nueva experiencia y aprender\u00e1n much\u00edsimo ingl\u00e9s!<\/p>\n<p>[\/et_pb_text][\/et_pb_column][\/et_pb_row][et_pb_row make_fullwidth=&#8221;off&#8221; use_custom_width=&#8221;off&#8221; width_unit=&#8221;off&#8221; custom_width_px=&#8221;1080px&#8221; custom_width_percent=&#8221;80%&#8221; use_custom_gutter=&#8221;off&#8221; gutter_width=&#8221;3&#8243; padding_mobile=&#8221;off&#8221; allow_player_pause=&#8221;off&#8221; parallax=&#8221;off&#8221; parallax_method=&#8221;on&#8221; make_equal=&#8221;off&#8221; column_padding_mobile=&#8221;on&#8221; parallax_1=&#8221;off&#8221; parallax_method_1=&#8221;on&#8221; parallax_2=&#8221;off&#8221; parallax_method_2=&#8221;on&#8221; parallax_3=&#8221;off&#8221; parallax_method_3=&#8221;on&#8221; parallax_4=&#8221;off&#8221; parallax_method_4=&#8221;on&#8221; disabled=&#8221;off&#8221; background_position=&#8221;top_left&#8221; background_repeat=&#8221;repeat&#8221; background_size=&#8221;initial&#8221;][et_pb_column type=&#8221;4_4&#8243;][et_pb_button admin_label=&#8221;Bot\u00f3n&#8221; button_url=&#8221;mailto:info@westend.es&#8221; url_new_window=&#8221;off&#8221; button_text=&#8221;CONS\u00daLTANOS E INF\u00d3RMATE DE LA PR\u00d3XIMA EDICI\u00d3N&#8221; button_alignment=&#8221;center&#8221; background_layout=&#8221;dark&#8221; custom_button=&#8221;off&#8221; button_icon_placement=&#8221;right&#8221; disabled=&#8221;off&#8221; _builder_version=&#8221;3.0.105&#8243;] [\/et_pb_button][\/et_pb_column][\/et_pb_row][\/et_pb_section]<\/p>\n","protected":false},"excerpt":{"rendered":"<p>English Football Camp F\u00fatbol e ingl\u00e9s, un equipo ganador \u00bfQu\u00e9 mejor forma de aprender ingl\u00e9s que combinarlo\u00a0con el deporte que m\u00e1s te gusta? \u00a1Hemos creado un curso donde aprovechamos la motivaci\u00f3n que tienen los ni\u00f1os y ni\u00f1as por el f\u00fatbol para sumergirles totalmente en el ingl\u00e9s! \u00a1Y todo esto con profesores nativos y experimentados que [&hellip;]<\/p>\n","protected":false},"author":2,"featured_media":0,"parent":2579,"menu_order":57,"comment_status":"closed","ping_status":"closed","template":"","meta":{"_et_pb_use_builder":"on","_et_pb_old_content":"<a href=\"http:\/\/westend.es\/new\/wp-content\/uploads\/2016\/10\/Football-camp-photo.jpg\"><img class=\"alignnone size-medium wp-image-582\" src=\"http:\/\/westend.es\/new\/wp-content\/uploads\/2016\/10\/Football-camp-photo-300x150.jpg\" alt=\"football-camp-photo\" width=\"300\" height=\"150\" \/><\/a>\r\n\r\nEnglish Football Camp\r\n\r\n\u00bfQu\u00e9 mejor forma de aprender ingl\u00e9s que combinarlo\u00a0con el deporte que m\u00e1s te gusta?\r\n\r\n\u00a1Hemos creado un curso donde aprovechamos la motivaci\u00f3n que tienen los ni\u00f1os y ni\u00f1as por el f\u00fatbol para sumergirles totalmente en el ingl\u00e9s! \u00a1Y todo esto con profesores nativos y experimentados que comparten la pasi\u00f3n por este deporte!\r\n\r\nEl tema del futbol presenta un sin fin de oportunidades para aprender nuevo vocabulario, verbos, y puntos gramaticales, y hemos creado un curso a partir de nuestra larga experiencia para lograr justamente eso.\r\n\r\nLas jornadas de este campamento se dividen en dos partes, la primera consiste en clases que se imparten en la academia donde el t\u00f3pico siempre ser\u00e1 el f\u00fatbol. La segunda parte y durante una hora el grupo se desplazar\u00e1 al centro deportivo Jos\u00e9 M\u00aa Iribarren donde har\u00e1n juegos de entrenamiento y partidos. \u00a1OJO! Cualquier palabra que no sea en ingl\u00e9s recibir\u00e1n una tarjeta amarilla!\r\n\r\n\u00a1Dado los excelentes resultados de este campamento, se ha convertido en uno de nuestros campamentos m\u00e1s populares!\r\n\r\nEstamos seguros que los ni\u00f1os disfrutar\u00e1n de esta nueva experiencia y aprender\u00e1n much\u00edsimo ingl\u00e9s!","_et_gb_content_width":"","footnotes":""},"class_list":["post-577","page","type-page","status-publish","hentry"],"_links":{"self":[{"href":"https:\/\/westend.es\/index.php\/wp-json\/wp\/v2\/pages\/577","targetHints":{"allow":["GET"]}}],"collection":[{"href":"https:\/\/westend.es\/index.php\/wp-json\/wp\/v2\/pages"}],"about":[{"href":"https:\/\/westend.es\/index.php\/wp-json\/wp\/v2\/types\/page"}],"author":[{"embeddable":true,"href":"https:\/\/westend.es\/index.php\/wp-json\/wp\/v2\/users\/2"}],"replies":[{"embeddable":true,"href":"https:\/\/westend.es\/index.php\/wp-json\/wp\/v2\/comments?post=577"}],"version-history":[{"count":16,"href":"https:\/\/westend.es\/index.php\/wp-json\/wp\/v2\/pages\/577\/revisions"}],"predecessor-version":[{"id":2694,"href":"https:\/\/westend.es\/index.php\/wp-json\/wp\/v2\/pages\/577\/revisions\/2694"}],"up":[{"embeddable":true,"href":"https:\/\/westend.es\/index.php\/wp-json\/wp\/v2\/pages\/2579"}],"wp:attachment":[{"href":"https:\/\/westend.es\/index.php\/wp-json\/wp\/v2\/media?parent=577"}],"curies":[{"name":"wp","href":"https:\/\/api.w.org\/{rel}","templated":true}]}}