{"id":761,"date":"2016-11-02T19:15:10","date_gmt":"2016-11-02T18:15:10","guid":{"rendered":"http:\/\/westend.es\/new\/?page_id=761"},"modified":"2025-09-09T18:03:12","modified_gmt":"2025-09-09T16:03:12","slug":"equipo-administrativo","status":"publish","type":"page","link":"https:\/\/westend.es\/index.php\/nosotros-2\/equipo\/equipo-administrativo\/","title":{"rendered":"Equipo administrativo"},"content":{"rendered":"<p>[et_pb_section fb_built=&#8221;1&#8243; fullwidth=&#8221;on&#8221; custom_padding_last_edited=&#8221;on|desktop&#8221; _builder_version=&#8221;4.16&#8243; custom_padding_tablet=&#8221;50px|0|50px|0&#8243; custom_padding_phone=&#8221;&#8221; transparent_background=&#8221;off&#8221; padding_mobile=&#8221;off&#8221; make_fullwidth=&#8221;off&#8221; use_custom_width=&#8221;off&#8221; width_unit=&#8221;off&#8221; custom_width_px=&#8221;1080px&#8221; custom_width_percent=&#8221;80%&#8221; global_colors_info=&#8221;{}&#8221;][et_pb_fullwidth_image src=&#8221;https:\/\/westend.es\/wp-content\/uploads\/2024\/01\/2024-01-11-at-17-37-44-scaled.jpg&#8221; title_text=&#8221;2024-01-11 at 17-37-44&#8243; _builder_version=&#8221;4.27.0&#8243; width=&#8221;100%&#8221; max_width=&#8221;100%&#8221; animation_style=&#8221;slide&#8221; animation_direction=&#8221;left&#8221; animation_duration=&#8221;500ms&#8221; animation_intensity_slide=&#8221;10%&#8221; animation=&#8221;left&#8221; use_border_color=&#8221;off&#8221; border_color=&#8221;#ffffff&#8221; border_width=&#8221;1px&#8221; border_style=&#8221;solid&#8221; global_colors_info=&#8221;{}&#8221;][\/et_pb_fullwidth_image][\/et_pb_section][et_pb_section fb_built=&#8221;1&#8243; custom_padding_last_edited=&#8221;on|desktop&#8221; admin_label=&#8221;section&#8221; _builder_version=&#8221;4.16&#8243; custom_padding_tablet=&#8221;50px|0|50px|0&#8243; custom_padding_phone=&#8221;&#8221; transparent_background=&#8221;off&#8221; padding_mobile=&#8221;off&#8221; make_fullwidth=&#8221;off&#8221; use_custom_width=&#8221;off&#8221; width_unit=&#8221;off&#8221; custom_width_px=&#8221;1080px&#8221; custom_width_percent=&#8221;80%&#8221; global_colors_info=&#8221;{}&#8221;][et_pb_row padding_mobile=&#8221;off&#8221; column_padding_mobile=&#8221;on&#8221; admin_label=&#8221;row&#8221; _builder_version=&#8221;4.27.0&#8243; background_size=&#8221;initial&#8221; background_position=&#8221;top_left&#8221; background_repeat=&#8221;repeat&#8221; custom_padding=&#8221;0px|0px|27px|0px&#8221; make_fullwidth=&#8221;off&#8221; use_custom_width=&#8221;off&#8221; width_unit=&#8221;off&#8221; custom_width_px=&#8221;1080px&#8221; custom_width_percent=&#8221;80%&#8221; global_colors_info=&#8221;{}&#8221;][et_pb_column type=&#8221;4_4&#8243; admin_label=&#8221;Column&#8221; _builder_version=&#8221;4.27.0&#8243; custom_padding=&#8221;|||&#8221; global_colors_info=&#8221;{}&#8221; custom_padding__hover=&#8221;|||&#8221;][et_pb_text _builder_version=&#8221;4.16&#8243; background_size=&#8221;initial&#8221; background_position=&#8221;top_left&#8221; background_repeat=&#8221;repeat&#8221; use_border_color=&#8221;off&#8221; global_colors_info=&#8221;{}&#8221;]<\/p>\n<h1><strong><span style=\"color: #041791;\">Equipo administrativo<\/span><\/strong><\/h1>\n<h2>Excelencia en la gesti\u00f3n y el servicio<\/h2>\n<p>[\/et_pb_text][et_pb_text _builder_version=&#8221;4.27.0&#8243; background_color=&#8221;RGBA(0,0,0,0)&#8221; background_enable_image=&#8221;off&#8221; background_size=&#8221;initial&#8221; background_repeat=&#8221;repeat&#8221; use_border_color=&#8221;off&#8221; global_colors_info=&#8221;{}&#8221;]<\/p>\n<p>Para garantizar el buen funcionamiento de una academia del tama\u00f1o de West End Idiomas, resulta imprescindible contar con un equipo de gesti\u00f3n y administraci\u00f3n s\u00f3lido, cercano y eficaz. Este departamento no solo se ocupa de la organizaci\u00f3n interna, sino que es una pieza clave para que todo lo dem\u00e1s fluya con normalidad: desde la coordinaci\u00f3n de los grupos y la planificaci\u00f3n log\u00edstica, hasta la comunicaci\u00f3n constante con las familias.<\/p>\n<p>Gracias a este equipo, la academia puede mantener un entorno ordenado, cercano y eficiente, en el que tanto familias como estudiantes y docentes encuentran siempre un punto de referencia y apoyo. En definitiva, la administraci\u00f3n constituye el motor silencioso que sostiene el d\u00eda a d\u00eda de West End Idiomas, garantizando la calidad en la ense\u00f1anza y el bienestar de toda la comunidad educativa.<\/p>\n<p>El \u00e1rea de administraci\u00f3n est\u00e1 formada por <strong>Marta Mart\u00ed<\/strong>, encargada del centro de Mendebaldea, <strong>Sof\u00eda Jim\u00e9nez<\/strong> en Mutilva y <strong>Adriana Colomo<\/strong> en Soto Lezkairu.<\/p>\n<p>&nbsp;<\/p>\n<p>&nbsp;<\/p>\n<p>&nbsp;<\/p>\n<p>[\/et_pb_text][\/et_pb_column][\/et_pb_row][et_pb_row column_structure=&#8221;1_3,1_3,1_3&#8243; _builder_version=&#8221;4.27.0&#8243; _module_preset=&#8221;default&#8221; global_colors_info=&#8221;{}&#8221;][et_pb_column type=&#8221;1_3&#8243; _builder_version=&#8221;4.27.0&#8243; _module_preset=&#8221;default&#8221; global_colors_info=&#8221;{}&#8221;][et_pb_team_member name=&#8221;Marta Mart\u00ed&#8221; position=&#8221;Encargada West End Mendebaldea&#8221; image_url=&#8221;https:\/\/westend.es\/wp-content\/uploads\/2025\/09\/IMG-20250908-WA0023.jpg&#8221; _builder_version=&#8221;4.27.0&#8243; _module_preset=&#8221;default&#8221; custom_padding=&#8221;|115px||||&#8221; global_colors_info=&#8221;{}&#8221;][\/et_pb_team_member][\/et_pb_column][et_pb_column type=&#8221;1_3&#8243; _builder_version=&#8221;4.27.0&#8243; _module_preset=&#8221;default&#8221; global_colors_info=&#8221;{}&#8221;][et_pb_team_member name=&#8221;Sof\u00eda Jim\u00e9nez&#8221; position=&#8221;Administraci\u00f3n West End Mutilva&#8221; image_url=&#8221;https:\/\/westend.es\/wp-content\/uploads\/2025\/09\/IMG-20250908-WA0017.jpg&#8221; _builder_version=&#8221;4.27.0&#8243; _module_preset=&#8221;default&#8221; custom_padding=&#8221;|115px||||&#8221; global_colors_info=&#8221;{}&#8221;][\/et_pb_team_member][\/et_pb_column][et_pb_column type=&#8221;1_3&#8243; _builder_version=&#8221;4.27.0&#8243; _module_preset=&#8221;default&#8221; global_colors_info=&#8221;{}&#8221;][et_pb_team_member name=&#8221;Adriana Colomo&#8221; position=&#8221;Administraci\u00f3n West End Lezkairu&#8221; image_url=&#8221;https:\/\/westend.es\/wp-content\/uploads\/2025\/09\/IMG-20250908-WA0018.jpg&#8221; _builder_version=&#8221;4.27.0&#8243; _module_preset=&#8221;default&#8221; custom_padding=&#8221;|115px||||&#8221; global_colors_info=&#8221;{}&#8221;][\/et_pb_team_member][\/et_pb_column][\/et_pb_row][\/et_pb_section]<\/p>\n","protected":false},"excerpt":{"rendered":"<p>Equipo administrativo Excelencia en la gesti\u00f3n y el servicioPara garantizar el buen funcionamiento de una academia del tama\u00f1o de West End Idiomas, resulta imprescindible contar con un equipo de gesti\u00f3n y administraci\u00f3n s\u00f3lido, cercano y eficaz. Este departamento no solo se ocupa de la organizaci\u00f3n interna, sino que es una pieza clave para que todo [&hellip;]<\/p>\n","protected":false},"author":2,"featured_media":0,"parent":2581,"menu_order":40,"comment_status":"closed","ping_status":"closed","template":"","meta":{"_et_pb_use_builder":"on","_et_pb_old_content":"Para asegurar el buen funcionamiento de una academia del tama\u00f1o de West End Idiomas, es imprescindible tener un equipo administrativo din\u00e1mico que va a asegurar un buen trato con el publico, una comunicaci\u00f3n eficaz con los padres y madres, y que los profesores tiene todo lo les hacen falta para desarrollar sus clases.\r\n\r\nAna Tainta junto con Marta y Elena forman parte del equipo administrativo de Mendebaldea y estara Gemma para recibiros en Mutilva.<a href=\"http:\/\/westend.es\/new\/wp-content\/uploads\/2016\/10\/2016-10-04-19-10-08.jpg\"><img class=\"alignnone size-medium wp-image-439\" src=\"http:\/\/westend.es\/new\/wp-content\/uploads\/2016\/10\/2016-10-04-19-10-08-300x200.jpg\" alt=\"2016-10-04-19-10-08\" width=\"300\" height=\"200\" \/><\/a> <a href=\"http:\/\/westend.es\/new\/wp-content\/uploads\/2016\/10\/2016-10-05-16-33-00.jpg\"><img class=\"alignnone size-medium wp-image-447\" src=\"http:\/\/westend.es\/new\/wp-content\/uploads\/2016\/10\/2016-10-05-16-33-00-300x200.jpg\" alt=\"2016-10-05-16-33-00\" width=\"300\" height=\"200\" \/><\/a> <a href=\"http:\/\/westend.es\/new\/wp-content\/uploads\/2016\/08\/2016-06-19-14-06-05.jpg\"><img class=\"alignnone size-medium wp-image-493\" src=\"http:\/\/westend.es\/new\/wp-content\/uploads\/2016\/08\/2016-06-19-14-06-05-300x200.jpg\" alt=\"2016-06-19-14-06-05\" width=\"300\" height=\"200\" \/><\/a> <a href=\"http:\/\/westend.es\/new\/wp-content\/uploads\/2016\/10\/2016-10-04-19-06-35.jpg\"><img class=\"alignnone size-medium wp-image-437\" src=\"http:\/\/westend.es\/new\/wp-content\/uploads\/2016\/10\/2016-10-04-19-06-35-300x200.jpg\" alt=\"2016-10-04-19-06-35\" width=\"300\" height=\"200\" \/><\/a>","_et_gb_content_width":"","footnotes":""},"class_list":["post-761","page","type-page","status-publish","hentry"],"_links":{"self":[{"href":"https:\/\/westend.es\/index.php\/wp-json\/wp\/v2\/pages\/761","targetHints":{"allow":["GET"]}}],"collection":[{"href":"https:\/\/westend.es\/index.php\/wp-json\/wp\/v2\/pages"}],"about":[{"href":"https:\/\/westend.es\/index.php\/wp-json\/wp\/v2\/types\/page"}],"author":[{"embeddable":true,"href":"https:\/\/westend.es\/index.php\/wp-json\/wp\/v2\/users\/2"}],"replies":[{"embeddable":true,"href":"https:\/\/westend.es\/index.php\/wp-json\/wp\/v2\/comments?post=761"}],"version-history":[{"count":36,"href":"https:\/\/westend.es\/index.php\/wp-json\/wp\/v2\/pages\/761\/revisions"}],"predecessor-version":[{"id":5426,"href":"https:\/\/westend.es\/index.php\/wp-json\/wp\/v2\/pages\/761\/revisions\/5426"}],"up":[{"embeddable":true,"href":"https:\/\/westend.es\/index.php\/wp-json\/wp\/v2\/pages\/2581"}],"wp:attachment":[{"href":"https:\/\/westend.es\/index.php\/wp-json\/wp\/v2\/media?parent=761"}],"curies":[{"name":"wp","href":"https:\/\/api.w.org\/{rel}","templated":true}]}}