{"id":93,"date":"2016-06-22T10:32:41","date_gmt":"2016-06-22T08:32:41","guid":{"rendered":"http:\/\/westend.es\/new\/?page_id=93"},"modified":"2026-02-05T18:45:10","modified_gmt":"2026-02-05T17:45:10","slug":"profesorado","status":"publish","type":"page","link":"https:\/\/westend.es\/index.php\/nosotros-2\/equipo\/profesorado\/","title":{"rendered":"Profesorado"},"content":{"rendered":"<p>[et_pb_section fb_built=&#8221;1&#8243; fullwidth=&#8221;on&#8221; _builder_version=&#8221;4.16&#8243; global_colors_info=&#8221;{}&#8221;][et_pb_fullwidth_slider _builder_version=&#8221;4.27.0&#8243; _module_preset=&#8221;default&#8221; global_colors_info=&#8221;{}&#8221;][et_pb_slide _builder_version=&#8221;4.27.0&#8243; _module_preset=&#8221;default&#8221; background_enable_color=&#8221;off&#8221; background_image=&#8221;https:\/\/westend.es\/wp-content\/uploads\/2025\/09\/IMG-20250908-WA0014.jpg&#8221; background_enable_image=&#8221;on&#8221; global_colors_info=&#8221;{}&#8221; sticky_transition=&#8221;on&#8221;][\/et_pb_slide][\/et_pb_fullwidth_slider][\/et_pb_section][et_pb_section fb_built=&#8221;1&#8243; custom_padding_last_edited=&#8221;on|desktop&#8221; admin_label=&#8221;section&#8221; _builder_version=&#8221;4.16&#8243; custom_padding_tablet=&#8221;50px|0|50px|0&#8243; custom_padding_phone=&#8221;&#8221; padding_mobile=&#8221;off&#8221; global_colors_info=&#8221;{}&#8221;][et_pb_row padding_mobile=&#8221;off&#8221; column_padding_mobile=&#8221;on&#8221; admin_label=&#8221;row&#8221; _builder_version=&#8221;4.16&#8243; background_size=&#8221;initial&#8221; background_position=&#8221;top_left&#8221; background_repeat=&#8221;repeat&#8221; width=&#8221;60%&#8221; max_width=&#8221;60%&#8221; use_custom_width=&#8221;on&#8221; width_unit=&#8221;off&#8221; custom_width_percent=&#8221;60%&#8221; global_colors_info=&#8221;{}&#8221;][et_pb_column type=&#8221;4_4&#8243; _builder_version=&#8221;4.16&#8243; custom_padding=&#8221;|||&#8221; global_colors_info=&#8221;{}&#8221; custom_padding__hover=&#8221;|||&#8221;][et_pb_text admin_label=&#8221;Texto&#8221; _builder_version=&#8221;4.16&#8243; background_size=&#8221;initial&#8221; background_position=&#8221;top_left&#8221; background_repeat=&#8221;repeat&#8221; global_colors_info=&#8221;{}&#8221;]<\/p>\n<h1><strong><span style=\"color: #041791;\">Profesorado<\/span><\/strong><\/h1>\n<h2>El mejor equipo de docentes para aprender ingl\u00e9s<\/h2>\n<p>[\/et_pb_text][et_pb_text admin_label=&#8221;Texto&#8221; _builder_version=&#8221;4.16&#8243; background_size=&#8221;initial&#8221; background_position=&#8221;top_left&#8221; background_repeat=&#8221;repeat&#8221; global_colors_info=&#8221;{}&#8221;]Todas las clases est\u00e1n dirigidas por <strong>profesores nativos de habla inglesa titulados, especialmente capacitados para ense\u00f1ar a ni\u00f1os y j\u00f3venes, que se someten a un exigente proceso de selecci\u00f3n.<\/strong><\/p>\n<p>La organizaci\u00f3n de los cursos est\u00e1 dirigida por el <strong>jefe de estudios Mike Davies<\/strong> y los <strong>directores de curso: Romi Miller, Emma Ketley, Rob Hurley, Aisling Doyle y Lee Flaherty.<\/strong><\/p>\n<p>Nuestros profesores deben cumplir con todos los<b> requisitos para trabajar con ni\u00f1os:\u00a0tener un t\u00edtulo universitario, un titulo de ense\u00f1anza\u00a0de ingl\u00e9s como lengua extranjera, y asistir a las sesiones de formaci\u00f3n de West End Idiomas.<\/b><\/p>\n<p>Para conocer m\u00e1s acerca de nuestros profesores, haz click debajo de las fotos que aparecen a continuaci\u00f3n.[\/et_pb_text][\/et_pb_column][\/et_pb_row][et_pb_row column_structure=&#8221;1_3,1_3,1_3&#8243; padding_mobile=&#8221;off&#8221; column_padding_mobile=&#8221;on&#8221; admin_label=&#8221;Fila&#8221; _builder_version=&#8221;4.16&#8243; background_size=&#8221;initial&#8221; background_position=&#8221;top_left&#8221; background_repeat=&#8221;repeat&#8221; width=&#8221;70%&#8221; max_width=&#8221;70%&#8221; use_custom_width=&#8221;on&#8221; width_unit=&#8221;off&#8221; custom_width_percent=&#8221;70%&#8221; global_colors_info=&#8221;{}&#8221;][et_pb_column type=&#8221;1_3&#8243; _builder_version=&#8221;4.16&#8243; custom_padding=&#8221;|||&#8221; global_colors_info=&#8221;{}&#8221; custom_padding__hover=&#8221;|||&#8221;][et_pb_team_member name=&#8221;Tom Theobald and Ana Tainta&#8221; position=&#8221;Owners of West End Idiomas&#8221; image_url=&#8221;https:\/\/westend.es\/wp-content\/uploads\/2025\/09\/IMG-20250908-WA0024.jpg&#8221; admin_label=&#8221;Persona&#8221; _builder_version=&#8221;4.27.0&#8243; background_size=&#8221;initial&#8221; background_position=&#8221;top_left&#8221; background_repeat=&#8221;repeat&#8221; custom_margin=&#8221;||22px|||&#8221; custom_padding=&#8221;||40px|||&#8221; global_colors_info=&#8221;{}&#8221;]<\/p>\n<p><a href=\"https:\/\/westend.es\/index.php\/profesorado\/tom-theobald\">Read more<\/a><\/p>\n<p>[\/et_pb_team_member][\/et_pb_column][et_pb_column type=&#8221;1_3&#8243; _builder_version=&#8221;4.16&#8243; custom_padding=&#8221;|||&#8221; global_colors_info=&#8221;{}&#8221; custom_padding__hover=&#8221;|||&#8221;][et_pb_team_member name=&#8221;Mike Davies&#8221; position=&#8221;General Manager of West End Idiomas&#8221; image_url=&#8221;https:\/\/westend.es\/wp-content\/uploads\/2016\/11\/Mike.jpg&#8221; admin_label=&#8221;Persona&#8221; _builder_version=&#8221;4.16&#8243; background_size=&#8221;initial&#8221; background_position=&#8221;top_left&#8221; background_repeat=&#8221;repeat&#8221; global_colors_info=&#8221;{}&#8221;]<a href=\"https:\/\/westend.es\/index.php\/profesorado\/mike-davies\">Read more<\/a>[\/et_pb_team_member][\/et_pb_column][et_pb_column type=&#8221;1_3&#8243; _builder_version=&#8221;4.16&#8243; custom_padding=&#8221;|||&#8221; global_colors_info=&#8221;{}&#8221; custom_padding__hover=&#8221;|||&#8221;][et_pb_team_member name=&#8221;Emma Ketley&#8221; position=&#8221;Course Director and Teacher&#8221; image_url=&#8221;https:\/\/westend.es\/wp-content\/uploads\/2018\/09\/Emma-1.jpg&#8221; _builder_version=&#8221;4.16&#8243; global_colors_info=&#8221;{}&#8221;]<a href=\"https:\/\/westend.es\/index.php\/profesorado\/emma-ketley\/\">Read more\u200e<\/a>[\/et_pb_team_member][\/et_pb_column][\/et_pb_row][et_pb_row column_structure=&#8221;1_3,1_3,1_3&#8243; padding_mobile=&#8221;off&#8221; column_padding_mobile=&#8221;on&#8221; admin_label=&#8221;Fila&#8221; _builder_version=&#8221;4.16&#8243; background_size=&#8221;initial&#8221; background_position=&#8221;top_left&#8221; background_repeat=&#8221;repeat&#8221; width=&#8221;70%&#8221; max_width=&#8221;70%&#8221; use_custom_width=&#8221;on&#8221; width_unit=&#8221;off&#8221; custom_width_percent=&#8221;70%&#8221; global_colors_info=&#8221;{}&#8221;][et_pb_column type=&#8221;1_3&#8243; _builder_version=&#8221;4.16&#8243; custom_padding=&#8221;|||&#8221; global_colors_info=&#8221;{}&#8221; custom_padding__hover=&#8221;|||&#8221;][et_pb_team_member name=&#8221;Romi Miller&#8221; position=&#8221;Course Director and Teacher&#8221; image_url=&#8221;https:\/\/westend.es\/wp-content\/uploads\/2016\/10\/Romi-cropped.jpg&#8221; _builder_version=&#8221;4.16&#8243; global_colors_info=&#8221;{}&#8221;]<a href=\"https:\/\/westend.es\/index.php\/romi-miller\/\">Read more<\/a>[\/et_pb_team_member][et_pb_team_member name=&#8221;Lee Flaherty&#8221; position=&#8221;Course Director and Teacher&#8221; image_url=&#8221;https:\/\/westend.es\/wp-content\/uploads\/2022\/09\/DSC05376.jpg&#8221; _builder_version=&#8221;4.16&#8243; global_colors_info=&#8221;{}&#8221;]<a href=\"https:\/\/westend.es\/index.php\/profesorado\/lee-flaherty\/\">Read more<\/a>[\/et_pb_team_member][\/et_pb_column][et_pb_column type=&#8221;1_3&#8243; _builder_version=&#8221;4.16&#8243; custom_padding=&#8221;|||&#8221; global_colors_info=&#8221;{}&#8221; custom_padding__hover=&#8221;|||&#8221;][et_pb_team_member name=&#8221;Aisling Doyle&#8221; position=&#8221;Course Director and Teacher&#8221; image_url=&#8221;https:\/\/westend.es\/wp-content\/uploads\/2022\/09\/DSC05373.jpg&#8221; _builder_version=&#8221;4.16&#8243; global_colors_info=&#8221;{}&#8221;]<a href=\"https:\/\/westend.es\/index.php\/profesorado\/aisling-doyle\/\">Read more<\/a>[\/et_pb_team_member][et_pb_team_member name=&#8221;Cian O&#8217;Connor&#8221; position=&#8221;Teacher &#8221; image_url=&#8221;https:\/\/westend.es\/wp-content\/uploads\/2016\/10\/Cian-cropped.jpg&#8221; _builder_version=&#8221;4.16&#8243; global_colors_info=&#8221;{}&#8221;]<a href=\"cianoconnor\/\">Read more<\/a>[\/et_pb_team_member][\/et_pb_column][et_pb_column type=&#8221;1_3&#8243; _builder_version=&#8221;4.16&#8243; _module_preset=&#8221;default&#8221; global_colors_info=&#8221;{}&#8221;][et_pb_team_member name=&#8221;Robert Hurley&#8221; position=&#8221;Course Director and Teacher &#8221; image_url=&#8221;https:\/\/westend.es\/wp-content\/uploads\/2018\/09\/Rob.jpg&#8221; _builder_version=&#8221;4.16&#8243; custom_padding=&#8221;1px|||||&#8221; global_colors_info=&#8221;{}&#8221;]<a href=\"https:\/\/westend.es\/index.php\/profesorado\/robert-hurley\/\">Read more<\/a>[\/et_pb_team_member][et_pb_team_member name=&#8221;Jennifer Clemo-Halpenny&#8221; position=&#8221;Teacher&#8221; image_url=&#8221;https:\/\/westend.es\/wp-content\/uploads\/2016\/10\/Jenny-C-cropped.jpg&#8221; admin_label=&#8221;Persona&#8221; _builder_version=&#8221;4.16&#8243; background_size=&#8221;initial&#8221; background_position=&#8221;top_left&#8221; background_repeat=&#8221;repeat&#8221; global_colors_info=&#8221;{}&#8221;]<a href=\"https:\/\/westend.es\/index.php\/profesorado\/jennifer-clemo-halpenny\">Read more<\/a>[\/et_pb_team_member][\/et_pb_column][\/et_pb_row][et_pb_row column_structure=&#8221;1_3,1_3,1_3&#8243; padding_mobile=&#8221;off&#8221; column_padding_mobile=&#8221;on&#8221; admin_label=&#8221;Fila&#8221; _builder_version=&#8221;4.16&#8243; background_size=&#8221;initial&#8221; background_position=&#8221;top_left&#8221; background_repeat=&#8221;repeat&#8221; width=&#8221;70%&#8221; max_width=&#8221;70%&#8221; use_custom_width=&#8221;on&#8221; width_unit=&#8221;off&#8221; custom_width_percent=&#8221;70%&#8221; global_colors_info=&#8221;{}&#8221;][et_pb_column type=&#8221;1_3&#8243; _builder_version=&#8221;4.16&#8243; custom_padding=&#8221;|||&#8221; global_colors_info=&#8221;{}&#8221; custom_padding__hover=&#8221;|||&#8221;][et_pb_team_member name=&#8221;Sarah Morrison&#8221; position=&#8221;Teacher&#8221; image_url=&#8221;https:\/\/westend.es\/wp-content\/uploads\/2016\/10\/Sarah-cropped.jpg&#8221; admin_label=&#8221;Persona&#8221; _builder_version=&#8221;4.16&#8243; background_size=&#8221;initial&#8221; background_position=&#8221;top_left&#8221; background_repeat=&#8221;repeat&#8221; global_colors_info=&#8221;{}&#8221;]<a href=\"https:\/\/westend.es\/index.php\/profesorado\/sarah-morrison\">Read more<\/a>[\/et_pb_team_member][\/et_pb_column][et_pb_column type=&#8221;1_3&#8243; _builder_version=&#8221;4.16&#8243; custom_padding=&#8221;|||&#8221; global_colors_info=&#8221;{}&#8221; custom_padding__hover=&#8221;|||&#8221;][et_pb_team_member name=&#8221;Jeff Halpenny&#8221; position=&#8221;Teacher&#8221; image_url=&#8221;https:\/\/westend.es\/wp-content\/uploads\/2016\/10\/Jeff-cropped.jpg&#8221; admin_label=&#8221;Persona&#8221; _builder_version=&#8221;4.16&#8243; background_size=&#8221;initial&#8221; background_position=&#8221;top_left&#8221; background_repeat=&#8221;repeat&#8221; global_colors_info=&#8221;{}&#8221;]<a href=\"jeff-halpenny\/\">Read more<\/a>[\/et_pb_team_member][\/et_pb_column][et_pb_column type=&#8221;1_3&#8243; _builder_version=&#8221;4.16&#8243; custom_padding=&#8221;|||&#8221; global_colors_info=&#8221;{}&#8221; custom_padding__hover=&#8221;|||&#8221;][et_pb_team_member name=&#8221;Thomas Bailer&#8221; position=&#8221;Teacher&#8221; image_url=&#8221;https:\/\/westend.es\/wp-content\/uploads\/2024\/09\/thomas-foto.jpg&#8221; _builder_version=&#8221;4.27.0&#8243; _module_preset=&#8221;default&#8221; global_colors_info=&#8221;{}&#8221;]<\/p>\n<p><a href=\"https:\/\/westend.es\/index.php\/nosotros-2\/equipo\/profesorado\/thomas-bailer\/\">Read More<\/a><\/p>\n<p>[\/et_pb_team_member][\/et_pb_column][\/et_pb_row][et_pb_row column_structure=&#8221;1_3,1_3,1_3&#8243; padding_mobile=&#8221;off&#8221; column_padding_mobile=&#8221;on&#8221; admin_label=&#8221;Fila&#8221; _builder_version=&#8221;4.16&#8243; background_size=&#8221;initial&#8221; background_position=&#8221;top_left&#8221; background_repeat=&#8221;repeat&#8221; width=&#8221;70%&#8221; max_width=&#8221;70%&#8221; use_custom_width=&#8221;on&#8221; width_unit=&#8221;off&#8221; custom_width_percent=&#8221;70%&#8221; global_colors_info=&#8221;{}&#8221;][et_pb_column type=&#8221;1_3&#8243; _builder_version=&#8221;4.16&#8243; custom_padding=&#8221;|||&#8221; global_colors_info=&#8221;{}&#8221; custom_padding__hover=&#8221;|||&#8221;][et_pb_team_member name=&#8221;Arran Wiggle &#8221; position=&#8221;Teacher&#8221; image_url=&#8221;https:\/\/westend.es\/wp-content\/uploads\/2020\/11\/arran2.jpg&#8221; _builder_version=&#8221;4.16&#8243; global_colors_info=&#8221;{}&#8221;]<a href=\"arran-wiggle\/\">Read more<\/a>[\/et_pb_team_member][\/et_pb_column][et_pb_column type=&#8221;1_3&#8243; _builder_version=&#8221;4.16&#8243; custom_padding=&#8221;|||&#8221; global_colors_info=&#8221;{}&#8221; custom_padding__hover=&#8221;|||&#8221;][et_pb_team_member name=&#8221;Bertie Rowlands &#8221; position=&#8221;Teacher&#8221; image_url=&#8221;https:\/\/westend.es\/wp-content\/uploads\/2020\/10\/bertie-1.jpg&#8221; _builder_version=&#8221;4.16&#8243; global_colors_info=&#8221;{}&#8221;]<a href=\"bertie-rowlands\/\">Read more<\/a>[\/et_pb_team_member][\/et_pb_column][et_pb_column type=&#8221;1_3&#8243; _builder_version=&#8221;4.16&#8243; custom_padding=&#8221;|||&#8221; global_colors_info=&#8221;{}&#8221; custom_padding__hover=&#8221;|||&#8221;][et_pb_team_member name=&#8221;Emily Hughes&#8221; position=&#8221;Teacher&#8221; image_url=&#8221;https:\/\/westend.es\/wp-content\/uploads\/2023\/10\/emily2.jpg&#8221; admin_label=&#8221;Persona&#8221; _builder_version=&#8221;4.16&#8243; background_size=&#8221;initial&#8221; background_position=&#8221;top_left&#8221; background_repeat=&#8221;repeat&#8221; width=&#8221;95%&#8221; max_width=&#8221;100%&#8221; custom_padding=&#8221;||9px|||&#8221; child_mix_blend_mode=&#8221;hard-light&#8221; border_radii_image=&#8221;off||||&#8221; global_colors_info=&#8221;{}&#8221;]<\/p>\n<p><a href=\"https:\/\/westend.es\/?page_id=4054&amp;et_fb=1&amp;PageSpeed=off\">Read more<\/a><\/p>\n<p>[\/et_pb_team_member][\/et_pb_column][\/et_pb_row][et_pb_row column_structure=&#8221;1_3,1_3,1_3&#8243; padding_mobile=&#8221;off&#8221; column_padding_mobile=&#8221;on&#8221; admin_label=&#8221;Fila&#8221; _builder_version=&#8221;4.16&#8243; background_size=&#8221;initial&#8221; background_position=&#8221;top_left&#8221; background_repeat=&#8221;repeat&#8221; width=&#8221;70%&#8221; max_width=&#8221;70%&#8221; use_custom_width=&#8221;on&#8221; width_unit=&#8221;off&#8221; custom_width_percent=&#8221;70%&#8221; global_colors_info=&#8221;{}&#8221;][et_pb_column type=&#8221;1_3&#8243; _builder_version=&#8221;4.16&#8243; custom_padding=&#8221;|||&#8221; global_colors_info=&#8221;{}&#8221; custom_padding__hover=&#8221;|||&#8221;][et_pb_team_member name=&#8221;Nessa Beaumont O\u2019Donovan&#8221; position=&#8221;Teacher&#8221; image_url=&#8221;https:\/\/westend.es\/wp-content\/uploads\/2020\/11\/nessa.jpeg&#8221; _builder_version=&#8221;4.16&#8243; global_colors_info=&#8221;{}&#8221;]<a href=\"nessa-beaumont-odonovan\/\">Read more<\/a>[\/et_pb_team_member][\/et_pb_column][et_pb_column type=&#8221;1_3&#8243; _builder_version=&#8221;4.16&#8243; custom_padding=&#8221;|||&#8221; global_colors_info=&#8221;{}&#8221; custom_padding__hover=&#8221;|||&#8221;][et_pb_team_member name=&#8221;Matt Eckers&#8221; position=&#8221;Teacher&#8221; image_url=&#8221;https:\/\/westend.es\/wp-content\/uploads\/2023\/09\/matt.jpg&#8221; _builder_version=&#8221;4.16&#8243; width=&#8221;91%&#8221; max_width=&#8221;100%&#8221; custom_padding=&#8221;||4px|||&#8221; global_colors_info=&#8221;{}&#8221;]<\/p>\n<p><a href=\"https:\/\/westend.es\/index.php\/nosotros-2\/equipo\/profesorado\/matt-eckers\/?et_fb=1&amp;PageSpeed=off\">Read more<\/a><\/p>\n<p>[\/et_pb_team_member][\/et_pb_column][et_pb_column type=&#8221;1_3&#8243; _builder_version=&#8221;4.16&#8243; custom_padding=&#8221;|||&#8221; global_colors_info=&#8221;{}&#8221; custom_padding__hover=&#8221;|||&#8221;][et_pb_team_member name=&#8221;Cameron Gibson&#8221; position=&#8221;Teacher&#8221; image_url=&#8221;https:\/\/westend.es\/wp-content\/uploads\/2023\/09\/cameron2.jpg&#8221; _builder_version=&#8221;4.16&#8243; _module_preset=&#8221;default&#8221; custom_padding=&#8221;||0px|||&#8221; global_colors_info=&#8221;{}&#8221;]<\/p>\n<p><a href=\"https:\/\/westend.es\/?page_id=4047&amp;et_fb=1&amp;PageSpeed=off\">Read More<\/a><\/p>\n<p>[\/et_pb_team_member][\/et_pb_column][\/et_pb_row][et_pb_row column_structure=&#8221;1_3,1_3,1_3&#8243; padding_mobile=&#8221;off&#8221; column_padding_mobile=&#8221;on&#8221; admin_label=&#8221;Fila&#8221; _builder_version=&#8221;4.16&#8243; background_size=&#8221;initial&#8221; background_position=&#8221;top_left&#8221; background_repeat=&#8221;repeat&#8221; width=&#8221;70%&#8221; max_width=&#8221;70%&#8221; use_custom_width=&#8221;on&#8221; width_unit=&#8221;off&#8221; custom_width_percent=&#8221;70%&#8221; global_colors_info=&#8221;{}&#8221;][et_pb_column type=&#8221;1_3&#8243; _builder_version=&#8221;4.16&#8243; custom_padding=&#8221;|||&#8221; global_colors_info=&#8221;{}&#8221; custom_padding__hover=&#8221;|||&#8221;][et_pb_team_member name=&#8221;Amy Fleming&#8221; position=&#8221;Teacher&#8221; image_url=&#8221;https:\/\/westend.es\/wp-content\/uploads\/2023\/09\/amy2.jpg&#8221; _builder_version=&#8221;4.16&#8243; width=&#8221;93%&#8221; max_width=&#8221;100%&#8221; custom_padding=&#8221;||8px|||&#8221; global_colors_info=&#8221;{}&#8221;]<\/p>\n<p><a href=\"https:\/\/westend.es\/index.php\/nosotros-2\/equipo\/profesorado\/amy-fleming\/?et_fb=1&amp;PageSpeed=off\">Read more<\/a><\/p>\n<p>[\/et_pb_team_member][\/et_pb_column][et_pb_column type=&#8221;1_3&#8243; _builder_version=&#8221;4.16&#8243; custom_padding=&#8221;|||&#8221; global_colors_info=&#8221;{}&#8221; custom_padding__hover=&#8221;|||&#8221;][et_pb_team_member name=&#8221;James Ketchum&#8221; position=&#8221;Teacher&#8221; image_url=&#8221;https:\/\/westend.es\/wp-content\/uploads\/2024\/12\/James-scaled.jpg&#8221; _builder_version=&#8221;4.27.0&#8243; width=&#8221;91%&#8221; max_width=&#8221;100%&#8221; custom_padding=&#8221;||7px|||&#8221; global_colors_info=&#8221;{}&#8221;]<\/p>\n<p><a href=\"https:\/\/westend.es\/?page_id=5475&amp;et_fb=1&amp;PageSpeed=off\">Read more<\/a><\/p>\n<p>[\/et_pb_team_member][\/et_pb_column][et_pb_column type=&#8221;1_3&#8243; _builder_version=&#8221;4.16&#8243; custom_padding=&#8221;|||&#8221; global_colors_info=&#8221;{}&#8221; custom_padding__hover=&#8221;|||&#8221;][et_pb_team_member name=&#8221;Martin S\u00e1nchez&#8221; position=&#8221;Teacher&#8221; image_url=&#8221;https:\/\/westend.es\/wp-content\/uploads\/2024\/09\/Martin-scaled.jpg&#8221; _builder_version=&#8221;4.27.0&#8243; width=&#8221;91%&#8221; max_width=&#8221;100%&#8221; custom_padding=&#8221;||7px|||&#8221; global_colors_info=&#8221;{}&#8221;]<\/p>\n<p><a href=\"https:\/\/westend.es\/?page_id=5044&amp;et_fb=1&amp;PageSpeed=off\">Read more<\/a><\/p>\n<p>[\/et_pb_team_member][\/et_pb_column][\/et_pb_row][et_pb_row column_structure=&#8221;1_3,1_3,1_3&#8243; padding_mobile=&#8221;off&#8221; column_padding_mobile=&#8221;on&#8221; admin_label=&#8221;Fila&#8221; _builder_version=&#8221;4.16&#8243; background_size=&#8221;initial&#8221; background_position=&#8221;top_left&#8221; background_repeat=&#8221;repeat&#8221; width=&#8221;70%&#8221; max_width=&#8221;70%&#8221; use_custom_width=&#8221;on&#8221; width_unit=&#8221;off&#8221; custom_width_percent=&#8221;70%&#8221; locked=&#8221;off&#8221; global_colors_info=&#8221;{}&#8221;][et_pb_column type=&#8221;1_3&#8243; _builder_version=&#8221;4.16&#8243; custom_padding=&#8221;|||&#8221; global_colors_info=&#8221;{}&#8221; custom_padding__hover=&#8221;|||&#8221;][et_pb_team_member name=&#8221;Damien Egan&#8221; position=&#8221;Teacher&#8221; image_url=&#8221;https:\/\/westend.es\/wp-content\/uploads\/2024\/09\/Damien-scaled.jpg&#8221; _builder_version=&#8221;4.27.0&#8243; width=&#8221;91%&#8221; max_width=&#8221;100%&#8221; custom_padding=&#8221;||4px|||&#8221; global_colors_info=&#8221;{}&#8221;]<\/p>\n<p><a href=\"https:\/\/westend.es\/index.php\/nosotros-2\/equipo\/profesorado\/damien-egan\/?et_fb=1&amp;PageSpeed=off\">Read more<\/a><\/p>\n<p>[\/et_pb_team_member][et_pb_team_member name=&#8221;Harry Hughes&#8221; position=&#8221;Teacher&#8221; image_url=&#8221;https:\/\/westend.es\/wp-content\/uploads\/2025\/09\/IMG-20250908-WA0022.jpg&#8221; _builder_version=&#8221;4.27.0&#8243; width=&#8221;91%&#8221; max_width=&#8221;100%&#8221; custom_padding=&#8221;||4px|||&#8221; global_colors_info=&#8221;{}&#8221;]<\/p>\n<p><a href=\"https:\/\/westend.es\/?page_id=5460&amp;et_fb=1&amp;PageSpeed=off\">Read more<\/a><\/p>\n<p>[\/et_pb_team_member][et_pb_team_member name=&#8221;Shahana&#8221; position=&#8221;Teacher&#8221; image_url=&#8221;https:\/\/westend.es\/wp-content\/uploads\/2025\/09\/IMG-20250908-WA0020.jpg&#8221; _builder_version=&#8221;4.27.0&#8243; width=&#8221;91%&#8221; max_width=&#8221;100%&#8221; custom_padding=&#8221;||4px|||&#8221; global_colors_info=&#8221;{}&#8221;]<\/p>\n<p><a href=\"https:\/\/westend.es\/index.php\/nosotros-2\/equipo\/profesorado\/shahana\/?et_fb=1&amp;PageSpeed=off\">Read more<\/a><\/p>\n<p>[\/et_pb_team_member][\/et_pb_column][et_pb_column type=&#8221;1_3&#8243; _builder_version=&#8221;4.16&#8243; custom_padding=&#8221;|||&#8221; global_colors_info=&#8221;{}&#8221; custom_padding__hover=&#8221;|||&#8221;][et_pb_team_member name=&#8221;Victoria Chisholm&#8221; position=&#8221;Teacher&#8221; image_url=&#8221;https:\/\/westend.es\/wp-content\/uploads\/2024\/12\/Victoria-scaled.jpg&#8221; _builder_version=&#8221;4.27.0&#8243; width=&#8221;91%&#8221; max_width=&#8221;100%&#8221; custom_margin=&#8221;-1px|||||&#8221; custom_padding=&#8221;||0px|||&#8221; global_colors_info=&#8221;{}&#8221;]<\/p>\n<p><a href=\"https:\/\/westend.es\/?page_id=5117&amp;et_fb=1&amp;PageSpeed=off\">Read more<\/a><\/p>\n<p>[\/et_pb_team_member][et_pb_team_member name=&#8221;Sophie Torres&#8221; position=&#8221;Teacher&#8221; image_url=&#8221;https:\/\/westend.es\/wp-content\/uploads\/2025\/09\/IMG-20250908-WA0016.jpg&#8221; _builder_version=&#8221;4.27.0&#8243; width=&#8221;91%&#8221; max_width=&#8221;100%&#8221; custom_margin=&#8221;-1px|||||&#8221; custom_padding=&#8221;||0px|||&#8221; global_colors_info=&#8221;{}&#8221;]<\/p>\n<p>Read more<\/p>\n<p>[\/et_pb_team_member][et_pb_team_member name=&#8221;Saioa I&#8221; position=&#8221;Teacher&#8221; image_url=&#8221;https:\/\/westend.es\/wp-content\/uploads\/2025\/09\/IMG-20250908-WA0015.jpg&#8221; _builder_version=&#8221;4.27.0&#8243; width=&#8221;91%&#8221; max_width=&#8221;100%&#8221; custom_margin=&#8221;-1px|||||&#8221; custom_padding=&#8221;||0px|||&#8221; global_colors_info=&#8221;{}&#8221;]<\/p>\n<p><a href=\"https:\/\/westend.es\/?page_id=5506&amp;et_fb=1&amp;PageSpeed=off\">Read more<\/a><\/p>\n<p>[\/et_pb_team_member][\/et_pb_column][et_pb_column type=&#8221;1_3&#8243; _builder_version=&#8221;4.16&#8243; custom_padding=&#8221;|||&#8221; global_colors_info=&#8221;{}&#8221; custom_padding__hover=&#8221;|||&#8221;][et_pb_team_member name=&#8221;Tom Anson&#8221; position=&#8221;Teacher&#8221; image_url=&#8221;https:\/\/westend.es\/wp-content\/uploads\/2025\/09\/IMG-20250908-WA0021.jpg&#8221; _builder_version=&#8221;4.27.0&#8243; width=&#8221;91%&#8221; max_width=&#8221;100%&#8221; custom_margin=&#8221;-1px|||||&#8221; custom_padding=&#8221;||0px|||&#8221; global_colors_info=&#8221;{}&#8221;]<\/p>\n<p><a href=\"https:\/\/westend.es\/?page_id=5513&amp;et_fb=1&amp;PageSpeed=off\">Read more<\/a><\/p>\n<p>[\/et_pb_team_member][et_pb_team_member name=&#8221;Tess Gaillot&#8221; position=&#8221;Teacher&#8221; image_url=&#8221;https:\/\/westend.es\/wp-content\/uploads\/2025\/10\/tess-foto-web.jpg&#8221; _builder_version=&#8221;4.27.0&#8243; width=&#8221;91%&#8221; max_width=&#8221;100%&#8221; custom_margin=&#8221;-1px||57px|||&#8221; custom_padding=&#8221;||0px|||&#8221; link_option_url=&#8221;https:\/\/westend.es\/?page_id=5479&#038;et_fb=1&#038;PageSpeed=off&#8221; global_colors_info=&#8221;{}&#8221;]<\/p>\n<p><a href=\"https:\/\/westend.es\/?page_id=5479&amp;et_fb=1&amp;PageSpeed=off\">Read more<\/a><\/p>\n<p>[\/et_pb_team_member][et_pb_team_member name=&#8221;Charles Scott&#8221; position=&#8221;Teacher&#8221; image_url=&#8221;https:\/\/westend.es\/wp-content\/uploads\/2026\/01\/charles-3-scaled.jpg&#8221; _builder_version=&#8221;4.27.0&#8243; width=&#8221;91%&#8221; max_width=&#8221;100%&#8221; custom_margin=&#8221;-1px||57px|||&#8221; custom_padding=&#8221;||0px|||&#8221; link_option_url=&#8221;https:\/\/westend.es\/?page_id=5479&#038;et_fb=1&#038;PageSpeed=off&#8221; hover_enabled=&#8221;0&#8243; global_colors_info=&#8221;{}&#8221; sticky_enabled=&#8221;0&#8243;]<\/p>\n<p><a href=\"https:\/\/westend.es\/?page_id=5571&amp;et_fb=1&amp;PageSpeed=off\">Read more<\/a><\/p>\n<p>[\/et_pb_team_member][\/et_pb_column][\/et_pb_row][\/et_pb_section]<\/p>\n","protected":false},"excerpt":{"rendered":"<p>Profesorado El mejor equipo de docentes para aprender ingl\u00e9sTodas las clases est\u00e1n dirigidas por profesores nativos de habla inglesa titulados, especialmente capacitados para ense\u00f1ar a ni\u00f1os y j\u00f3venes, que se someten a un exigente proceso de selecci\u00f3n. La organizaci\u00f3n de los cursos est\u00e1 dirigida por el jefe de estudios Mike Davies y los directores de [&hellip;]<\/p>\n","protected":false},"author":1,"featured_media":0,"parent":2581,"menu_order":5,"comment_status":"closed","ping_status":"closed","template":"","meta":{"_et_pb_use_builder":"on","_et_pb_old_content":"","_et_gb_content_width":"","footnotes":""},"class_list":["post-93","page","type-page","status-publish","hentry"],"_links":{"self":[{"href":"https:\/\/westend.es\/index.php\/wp-json\/wp\/v2\/pages\/93","targetHints":{"allow":["GET"]}}],"collection":[{"href":"https:\/\/westend.es\/index.php\/wp-json\/wp\/v2\/pages"}],"about":[{"href":"https:\/\/westend.es\/index.php\/wp-json\/wp\/v2\/types\/page"}],"author":[{"embeddable":true,"href":"https:\/\/westend.es\/index.php\/wp-json\/wp\/v2\/users\/1"}],"replies":[{"embeddable":true,"href":"https:\/\/westend.es\/index.php\/wp-json\/wp\/v2\/comments?post=93"}],"version-history":[{"count":300,"href":"https:\/\/westend.es\/index.php\/wp-json\/wp\/v2\/pages\/93\/revisions"}],"predecessor-version":[{"id":5579,"href":"https:\/\/westend.es\/index.php\/wp-json\/wp\/v2\/pages\/93\/revisions\/5579"}],"up":[{"embeddable":true,"href":"https:\/\/westend.es\/index.php\/wp-json\/wp\/v2\/pages\/2581"}],"wp:attachment":[{"href":"https:\/\/westend.es\/index.php\/wp-json\/wp\/v2\/media?parent=93"}],"curies":[{"name":"wp","href":"https:\/\/api.w.org\/{rel}","templated":true}]}}